{"id":214,"date":"2025-09-28T15:27:55","date_gmt":"2025-09-28T15:27:55","guid":{"rendered":"https:\/\/titran.no\/?page_id=214"},"modified":"2025-10-24T20:37:53","modified_gmt":"2025-10-24T18:37:53","slug":"guidede-fisketurer","status":"publish","type":"page","link":"https:\/\/titran.no\/de\/guidede-fisketurer\/","title":{"rendered":"Gef\u00fchrte Angelausfl\u00fcge"},"content":{"rendered":"<div data-elementor-type=\"wp-page\" data-elementor-id=\"214\" class=\"elementor elementor-214\" data-elementor-post-type=\"page\">\n\t\t\t\t<div class=\"elementor-element elementor-element-179b9d2 e-flex e-con-boxed e-con e-parent\" data-id=\"179b9d2\" data-element_type=\"container\" data-e-type=\"container\">\n\t\t\t\t\t<div class=\"e-con-inner\">\n\t\t<div class=\"elementor-element elementor-element-5504bd3 e-con-full e-flex e-con e-child\" data-id=\"5504bd3\" data-element_type=\"container\" data-e-type=\"container\">\n\t\t\t\t<div class=\"elementor-element elementor-element-9146a9a elementor-widget elementor-widget-heading\" data-id=\"9146a9a\" data-element_type=\"widget\" data-e-type=\"widget\" data-widget_type=\"heading.default\">\n\t\t\t\t\t<h2 class=\"elementor-heading-title elementor-size-default\">Gef\u00fchrte Angelausfl\u00fcge\n<\/h2>\t\t\t\t<\/div>\n\t\t\t\t<div class=\"elementor-element elementor-element-e186bc4 elementor-widget elementor-widget-text-editor\" data-id=\"e186bc4\" data-element_type=\"widget\" data-e-type=\"widget\" data-widget_type=\"text-editor.default\">\n\t\t\t\t\t\t\t\t\t<div class=\"col col-sm-12 col-md-12 col-lg-12\"><div id=\"m3545\" class=\"module text\"><div class=\"col col-md-12 col-sm-12 col-lg-10\"><div id=\"m4201\" class=\"module text\"><p class=\"preamble\">Erleben Sie einzigartige gef\u00fchrte Angelausfl\u00fcge in malerischer Umgebung. Unsere erfahrenen Guides bringen Sie zu den besten Angelpl\u00e4tzen, wo Sie alles fangen k\u00f6nnen, was das Meer zu bieten hat. Egal, ob Sie Anf\u00e4nger oder erfahrener Angler sind, wir passen den Ausflug Ihren W\u00fcnschen an und sorgen f\u00fcr ein unvergessliches Angelerlebnis. Begleiten Sie uns auf Ihr n\u00e4chstes Angelabenteuer!<\/p><\/div><\/div><\/div><\/div>\t\t\t\t\t\t\t\t<\/div>\n\t\t\t\t<div class=\"elementor-element elementor-element-fb0a751 elementor-mobile-align-center elementor-widget elementor-widget-button\" data-id=\"fb0a751\" data-element_type=\"widget\" data-e-type=\"widget\" data-widget_type=\"button.default\">\n\t\t\t\t\t\t\t\t\t\t<a class=\"elementor-button elementor-button-link elementor-size-sm\" href=\"https:\/\/titran.no\/wp-content\/uploads\/2025\/09\/MSRNKLAKKENnorsk.pdf\" target=\"_blank\">\n\t\t\t\t\t\t<span class=\"elementor-button-content-wrapper\">\n\t\t\t\t\t\t\t\t\t<span class=\"elementor-button-text\">Mehr lesen<\/span>\n\t\t\t\t\t<\/span>\n\t\t\t\t\t<\/a>\n\t\t\t\t\t\t\t\t<\/div>\n\t\t\t\t<\/div>\n\t\t<div class=\"elementor-element elementor-element-f1b351d e-con-full e-flex e-con e-child\" data-id=\"f1b351d\" data-element_type=\"container\" data-e-type=\"container\" data-settings=\"{&quot;background_background&quot;:&quot;classic&quot;}\">\n\t\t\t\t<\/div>\n\t\t\t\t\t<\/div>\n\t\t\t\t<\/div>\n\t\t<div class=\"elementor-element elementor-element-11bff2f e-flex e-con-boxed e-con e-parent\" data-id=\"11bff2f\" data-element_type=\"container\" data-e-type=\"container\">\n\t\t\t\t\t<div class=\"e-con-inner\">\n\t\t<div class=\"elementor-element elementor-element-3064ffb e-con-full e-flex e-con e-child\" data-id=\"3064ffb\" data-element_type=\"container\" data-e-type=\"container\" data-settings=\"{&quot;background_background&quot;:&quot;video&quot;,&quot;background_video_link&quot;:&quot;https:\\\/\\\/youtu.be\\\/F4BoSn3CGP0&quot;}\">\n\t\t<div class=\"elementor-background-video-container elementor-hidden-mobile\">\n\t\t\t\t\t\t\t<div class=\"elementor-background-video-embed\" role=\"presentation\"><\/div>\n\t\t\t\t\t\t<\/div>\t\t<\/div>\n\t\t<div class=\"elementor-element elementor-element-e2440ba e-con-full e-flex e-con e-child\" data-id=\"e2440ba\" data-element_type=\"container\" data-e-type=\"container\">\n\t\t\t\t<div class=\"elementor-element elementor-element-4cea097 elementor-widget elementor-widget-heading\" data-id=\"4cea097\" data-element_type=\"widget\" data-e-type=\"widget\" data-widget_type=\"heading.default\">\n\t\t\t\t\t<h2 class=\"elementor-heading-title elementor-size-default\">Titran Hochseefischen\n<\/h2>\t\t\t\t<\/div>\n\t\t\t\t<div class=\"elementor-element elementor-element-1840616 elementor-widget elementor-widget-text-editor\" data-id=\"1840616\" data-element_type=\"widget\" data-e-type=\"widget\" data-widget_type=\"text-editor.default\">\n\t\t\t\t\t\t\t\t\t<div class=\"col col-sm-12 col-md-12 col-lg-12\"><div id=\"m3545\" class=\"module text\"><div class=\"col col-md-12 col-sm-12 col-lg-10\"><div id=\"m4201\" class=\"module text\"><p class=\"preamble\">Folgen Sie Titran Havfisketurer auf Facebook und Youtube, um die neuesten Updates zu erhalten!<\/p><\/div><\/div><\/div><\/div>\t\t\t\t\t\t\t\t<\/div>\n\t\t\t\t<div class=\"elementor-element elementor-element-f1b1234 elementor-mobile-align-center elementor-widget elementor-widget-button\" data-id=\"f1b1234\" data-element_type=\"widget\" data-e-type=\"widget\" data-widget_type=\"button.default\">\n\t\t\t\t\t\t\t\t\t\t<a class=\"elementor-button elementor-button-link elementor-size-sm\" href=\"https:\/\/www.facebook.com\/groups\/3705333176421097\" target=\"_blank\">\n\t\t\t\t\t\t<span class=\"elementor-button-content-wrapper\">\n\t\t\t\t\t\t<span class=\"elementor-button-icon\">\n\t\t\t\t<svg aria-hidden=\"true\" class=\"e-font-icon-svg e-fab-facebook\" viewbox=\"0 0 512 512\" xmlns=\"http:\/\/www.w3.org\/2000\/svg\"><path d=\"M504 256C504 119 393 8 256 8S8 119 8 256c0 123.78 90.69 226.38 209.25 245V327.69h-63V256h63v-54.64c0-62.15 37-96.48 93.67-96.48 27.14 0 55.52 4.84 55.52 4.84v61h-31.28c-30.8 0-40.41 19.12-40.41 38.73V256h68.78l-11 71.69h-57.78V501C413.31 482.38 504 379.78 504 256z\"><\/path><\/svg>\t\t\t<\/span>\n\t\t\t\t\t\t\t\t\t<span class=\"elementor-button-text\">Facebook<\/span>\n\t\t\t\t\t<\/span>\n\t\t\t\t\t<\/a>\n\t\t\t\t\t\t\t\t<\/div>\n\t\t\t\t<div class=\"elementor-element elementor-element-bab70a6 elementor-mobile-align-center elementor-widget elementor-widget-button\" data-id=\"bab70a6\" data-element_type=\"widget\" data-e-type=\"widget\" data-widget_type=\"button.default\">\n\t\t\t\t\t\t\t\t\t\t<a class=\"elementor-button elementor-button-link elementor-size-sm\" href=\"https:\/\/www.youtube.com\/@FiskeHelge\" target=\"_blank\">\n\t\t\t\t\t\t<span class=\"elementor-button-content-wrapper\">\n\t\t\t\t\t\t<span class=\"elementor-button-icon\">\n\t\t\t\t<svg aria-hidden=\"true\" class=\"e-font-icon-svg e-fab-youtube\" viewbox=\"0 0 576 512\" xmlns=\"http:\/\/www.w3.org\/2000\/svg\"><path d=\"M549.655 124.083c-6.281-23.65-24.787-42.276-48.284-48.597C458.781 64 288 64 288 64S117.22 64 74.629 75.486c-23.497 6.322-42.003 24.947-48.284 48.597-11.412 42.867-11.412 132.305-11.412 132.305s0 89.438 11.412 132.305c6.281 23.65 24.787 41.5 48.284 47.821C117.22 448 288 448 288 448s170.78 0 213.371-11.486c23.497-6.321 42.003-24.171 48.284-47.821 11.412-42.867 11.412-132.305 11.412-132.305s0-89.438-11.412-132.305zm-317.51 213.508V175.185l142.739 81.205-142.739 81.201z\"><\/path><\/svg>\t\t\t<\/span>\n\t\t\t\t\t\t\t\t\t<span class=\"elementor-button-text\">Youtube<\/span>\n\t\t\t\t\t<\/span>\n\t\t\t\t\t<\/a>\n\t\t\t\t\t\t\t\t<\/div>\n\t\t\t\t<\/div>\n\t\t\t\t\t<\/div>\n\t\t\t\t<\/div>\n\t\t<div class=\"elementor-element elementor-element-e9232fb e-flex e-con-boxed e-con e-parent\" data-id=\"e9232fb\" data-element_type=\"container\" data-e-type=\"container\">\n\t\t\t\t\t<div class=\"e-con-inner\">\n\t\t\t\t<div class=\"elementor-element elementor-element-86bf953 elementor-widget elementor-widget-heading\" data-id=\"86bf953\" data-element_type=\"widget\" data-e-type=\"widget\" data-widget_type=\"heading.default\">\n\t\t\t\t\t<h2 class=\"elementor-heading-title elementor-size-default\">BILDER<\/h2>\t\t\t\t<\/div>\n\t\t\t\t<div class=\"elementor-element elementor-element-ef145f0 elementor-widget-divider--view-line elementor-widget elementor-widget-divider\" data-id=\"ef145f0\" data-element_type=\"widget\" data-e-type=\"widget\" data-widget_type=\"divider.default\">\n\t\t\t\t\t\t\t<div class=\"elementor-divider\">\n\t\t\t<span class=\"elementor-divider-separator\">\n\t\t\t\t\t\t<\/span>\n\t\t<\/div>\n\t\t\t\t\t\t<\/div>\n\t\t\t\t<div class=\"elementor-element elementor-element-e40a451 elementor-widget elementor-widget-gallery\" data-id=\"e40a451\" data-element_type=\"widget\" data-e-type=\"widget\" data-settings=\"{&quot;lazyload&quot;:&quot;yes&quot;,&quot;gallery_layout&quot;:&quot;grid&quot;,&quot;columns&quot;:4,&quot;columns_tablet&quot;:2,&quot;columns_mobile&quot;:1,&quot;gap&quot;:{&quot;unit&quot;:&quot;px&quot;,&quot;size&quot;:10,&quot;sizes&quot;:[]},&quot;gap_tablet&quot;:{&quot;unit&quot;:&quot;px&quot;,&quot;size&quot;:10,&quot;sizes&quot;:[]},&quot;gap_mobile&quot;:{&quot;unit&quot;:&quot;px&quot;,&quot;size&quot;:10,&quot;sizes&quot;:[]},&quot;link_to&quot;:&quot;file&quot;,&quot;aspect_ratio&quot;:&quot;3:2&quot;,&quot;overlay_background&quot;:&quot;yes&quot;,&quot;content_hover_animation&quot;:&quot;fade-in&quot;}\" data-widget_type=\"gallery.default\">\n\t\t\t\t\t\t\t<div class=\"elementor-gallery__container\">\n\t\t\t\t\t\t\t<a class=\"e-gallery-item elementor-gallery-item elementor-animated-content\" href=\"https:\/\/titran.no\/wp-content\/uploads\/2025\/09\/image_1236502919.webp\" data-elementor-open-lightbox=\"yes\" data-elementor-lightbox-slideshow=\"e40a451\" data-elementor-lightbox-title=\"image_1236502919\" data-e-action-hash=\"#elementor-action%3Aaction%3Dlightbox%26settings%3DeyJpZCI6MjI5LCJ1cmwiOiJodHRwczpcL1wvdGl0cmFuLm5vXC93cC1jb250ZW50XC91cGxvYWRzXC8yMDI1XC8wOVwvaW1hZ2VfMTIzNjUwMjkxOS53ZWJwIiwic2xpZGVzaG93IjoiZTQwYTQ1MSJ9\">\n\t\t\t\t\t<div class=\"e-gallery-image elementor-gallery-item__image\" data-thumbnail=\"https:\/\/titran.no\/wp-content\/uploads\/2025\/09\/image_1236502919-768x576.webp\" data-width=\"768\" data-height=\"576\" aria-label=\"\" role=\"img\" ><\/div>\n\t\t\t\t\t\t\t\t\t\t\t<div class=\"elementor-gallery-item__overlay\"><\/div>\n\t\t\t\t\t\t\t\t\t\t\t\t\t\t<\/a>\n\t\t\t\t\t\t\t<a class=\"e-gallery-item elementor-gallery-item elementor-animated-content\" href=\"https:\/\/titran.no\/wp-content\/uploads\/2025\/09\/image_67191297-scaled.webp\" data-elementor-open-lightbox=\"yes\" data-elementor-lightbox-slideshow=\"e40a451\" data-elementor-lightbox-title=\"image_67191297\" data-e-action-hash=\"#elementor-action%3Aaction%3Dlightbox%26settings%3DeyJpZCI6MjMwLCJ1cmwiOiJodHRwczpcL1wvdGl0cmFuLm5vXC93cC1jb250ZW50XC91cGxvYWRzXC8yMDI1XC8wOVwvaW1hZ2VfNjcxOTEyOTctc2NhbGVkLndlYnAiLCJzbGlkZXNob3ciOiJlNDBhNDUxIn0%3D\">\n\t\t\t\t\t<div class=\"e-gallery-image elementor-gallery-item__image\" data-thumbnail=\"https:\/\/titran.no\/wp-content\/uploads\/2025\/09\/image_67191297-768x1024.webp\" data-width=\"768\" data-height=\"1024\" aria-label=\"\" role=\"img\" ><\/div>\n\t\t\t\t\t\t\t\t\t\t\t<div class=\"elementor-gallery-item__overlay\"><\/div>\n\t\t\t\t\t\t\t\t\t\t\t\t\t\t<\/a>\n\t\t\t\t\t\t\t<a class=\"e-gallery-item elementor-gallery-item elementor-animated-content\" href=\"https:\/\/titran.no\/wp-content\/uploads\/2025\/09\/image_50459649-scaled.webp\" data-elementor-open-lightbox=\"yes\" data-elementor-lightbox-slideshow=\"e40a451\" data-elementor-lightbox-title=\"image_50459649\" data-e-action-hash=\"#elementor-action%3Aaction%3Dlightbox%26settings%3DeyJpZCI6MjMxLCJ1cmwiOiJodHRwczpcL1wvdGl0cmFuLm5vXC93cC1jb250ZW50XC91cGxvYWRzXC8yMDI1XC8wOVwvaW1hZ2VfNTA0NTk2NDktc2NhbGVkLndlYnAiLCJzbGlkZXNob3ciOiJlNDBhNDUxIn0%3D\">\n\t\t\t\t\t<div class=\"e-gallery-image elementor-gallery-item__image\" data-thumbnail=\"https:\/\/titran.no\/wp-content\/uploads\/2025\/09\/image_50459649-768x576.webp\" data-width=\"768\" data-height=\"576\" aria-label=\"\" role=\"img\" ><\/div>\n\t\t\t\t\t\t\t\t\t\t\t<div class=\"elementor-gallery-item__overlay\"><\/div>\n\t\t\t\t\t\t\t\t\t\t\t\t\t\t<\/a>\n\t\t\t\t\t\t\t<a class=\"e-gallery-item elementor-gallery-item elementor-animated-content\" href=\"https:\/\/titran.no\/wp-content\/uploads\/2025\/09\/image_67230465-scaled.webp\" data-elementor-open-lightbox=\"yes\" data-elementor-lightbox-slideshow=\"e40a451\" data-elementor-lightbox-title=\"image_67230465\" data-e-action-hash=\"#elementor-action%3Aaction%3Dlightbox%26settings%3DeyJpZCI6MjMyLCJ1cmwiOiJodHRwczpcL1wvdGl0cmFuLm5vXC93cC1jb250ZW50XC91cGxvYWRzXC8yMDI1XC8wOVwvaW1hZ2VfNjcyMzA0NjUtc2NhbGVkLndlYnAiLCJzbGlkZXNob3ciOiJlNDBhNDUxIn0%3D\">\n\t\t\t\t\t<div class=\"e-gallery-image elementor-gallery-item__image\" data-thumbnail=\"https:\/\/titran.no\/wp-content\/uploads\/2025\/09\/image_67230465-768x1024.webp\" data-width=\"768\" data-height=\"1024\" aria-label=\"\" role=\"img\" ><\/div>\n\t\t\t\t\t\t\t\t\t\t\t<div class=\"elementor-gallery-item__overlay\"><\/div>\n\t\t\t\t\t\t\t\t\t\t\t\t\t\t<\/a>\n\t\t\t\t\t\t\t<a class=\"e-gallery-item elementor-gallery-item elementor-animated-content\" href=\"https:\/\/titran.no\/wp-content\/uploads\/2025\/09\/image_67231489-scaled.webp\" data-elementor-open-lightbox=\"yes\" data-elementor-lightbox-slideshow=\"e40a451\" data-elementor-lightbox-title=\"image_67231489\" data-e-action-hash=\"#elementor-action%3Aaction%3Dlightbox%26settings%3DeyJpZCI6MjMzLCJ1cmwiOiJodHRwczpcL1wvdGl0cmFuLm5vXC93cC1jb250ZW50XC91cGxvYWRzXC8yMDI1XC8wOVwvaW1hZ2VfNjcyMzE0ODktc2NhbGVkLndlYnAiLCJzbGlkZXNob3ciOiJlNDBhNDUxIn0%3D\">\n\t\t\t\t\t<div class=\"e-gallery-image elementor-gallery-item__image\" data-thumbnail=\"https:\/\/titran.no\/wp-content\/uploads\/2025\/09\/image_67231489-768x1024.webp\" data-width=\"768\" data-height=\"1024\" aria-label=\"\" role=\"img\" ><\/div>\n\t\t\t\t\t\t\t\t\t\t\t<div class=\"elementor-gallery-item__overlay\"><\/div>\n\t\t\t\t\t\t\t\t\t\t\t\t\t\t<\/a>\n\t\t\t\t\t\t\t<a class=\"e-gallery-item elementor-gallery-item elementor-animated-content\" href=\"https:\/\/titran.no\/wp-content\/uploads\/2025\/10\/518290164_10162572100386311_2599742574004413376_n.webp\" data-elementor-open-lightbox=\"yes\" data-elementor-lightbox-slideshow=\"e40a451\" data-elementor-lightbox-title=\"518290164_10162572100386311_2599742574004413376_n\" data-e-action-hash=\"#elementor-action%3Aaction%3Dlightbox%26settings%3DeyJpZCI6MTA4MiwidXJsIjoiaHR0cHM6XC9cL3RpdHJhbi5ub1wvd3AtY29udGVudFwvdXBsb2Fkc1wvMjAyNVwvMTBcLzUxODI5MDE2NF8xMDE2MjU3MjEwMDM4NjMxMV8yNTk5NzQyNTc0MDA0NDEzMzc2X24ud2VicCIsInNsaWRlc2hvdyI6ImU0MGE0NTEifQ%3D%3D\">\n\t\t\t\t\t<div class=\"e-gallery-image elementor-gallery-item__image\" data-thumbnail=\"https:\/\/titran.no\/wp-content\/uploads\/2025\/10\/518290164_10162572100386311_2599742574004413376_n-768x1024.webp\" data-width=\"768\" data-height=\"1024\" aria-label=\"\" role=\"img\" ><\/div>\n\t\t\t\t\t\t\t\t\t\t\t<div class=\"elementor-gallery-item__overlay\"><\/div>\n\t\t\t\t\t\t\t\t\t\t\t\t\t\t<\/a>\n\t\t\t\t\t\t\t<a class=\"e-gallery-item elementor-gallery-item elementor-animated-content\" href=\"https:\/\/titran.no\/wp-content\/uploads\/2025\/10\/516801711_10162559384446311_6213480173189755101_n.webp\" data-elementor-open-lightbox=\"yes\" data-elementor-lightbox-slideshow=\"e40a451\" data-elementor-lightbox-title=\"516801711_10162559384446311_6213480173189755101_n\" data-e-action-hash=\"#elementor-action%3Aaction%3Dlightbox%26settings%3DeyJpZCI6MTA4MywidXJsIjoiaHR0cHM6XC9cL3RpdHJhbi5ub1wvd3AtY29udGVudFwvdXBsb2Fkc1wvMjAyNVwvMTBcLzUxNjgwMTcxMV8xMDE2MjU1OTM4NDQ0NjMxMV82MjEzNDgwMTczMTg5NzU1MTAxX24ud2VicCIsInNsaWRlc2hvdyI6ImU0MGE0NTEifQ%3D%3D\">\n\t\t\t\t\t<div class=\"e-gallery-image elementor-gallery-item__image\" data-thumbnail=\"https:\/\/titran.no\/wp-content\/uploads\/2025\/10\/516801711_10162559384446311_6213480173189755101_n-768x576.webp\" data-width=\"768\" data-height=\"576\" aria-label=\"\" role=\"img\" ><\/div>\n\t\t\t\t\t\t\t\t\t\t\t<div class=\"elementor-gallery-item__overlay\"><\/div>\n\t\t\t\t\t\t\t\t\t\t\t\t\t\t<\/a>\n\t\t\t\t\t\t\t<a class=\"e-gallery-item elementor-gallery-item elementor-animated-content\" href=\"https:\/\/titran.no\/wp-content\/uploads\/2025\/10\/516503347_10162559384516311_2280949403186077981_n.webp\" data-elementor-open-lightbox=\"yes\" data-elementor-lightbox-slideshow=\"e40a451\" data-elementor-lightbox-title=\"516503347_10162559384516311_2280949403186077981_n\" data-e-action-hash=\"#elementor-action%3Aaction%3Dlightbox%26settings%3DeyJpZCI6MTA4NCwidXJsIjoiaHR0cHM6XC9cL3RpdHJhbi5ub1wvd3AtY29udGVudFwvdXBsb2Fkc1wvMjAyNVwvMTBcLzUxNjUwMzM0N18xMDE2MjU1OTM4NDUxNjMxMV8yMjgwOTQ5NDAzMTg2MDc3OTgxX24ud2VicCIsInNsaWRlc2hvdyI6ImU0MGE0NTEifQ%3D%3D\">\n\t\t\t\t\t<div class=\"e-gallery-image elementor-gallery-item__image\" data-thumbnail=\"https:\/\/titran.no\/wp-content\/uploads\/2025\/10\/516503347_10162559384516311_2280949403186077981_n-768x1024.webp\" data-width=\"768\" data-height=\"1024\" aria-label=\"\" role=\"img\" ><\/div>\n\t\t\t\t\t\t\t\t\t\t\t<div class=\"elementor-gallery-item__overlay\"><\/div>\n\t\t\t\t\t\t\t\t\t\t\t\t\t\t<\/a>\n\t\t\t\t\t<\/div>\n\t\t\t\t\t<\/div>\n\t\t\t\t\t<\/div>\n\t\t\t\t<\/div>\n\t\t\t\t<\/div>","protected":false},"excerpt":{"rendered":"<p>Guidede fisketurer Opplev unike guidede fisketurer i naturskj\u00f8nne omgivelser. V\u00e5re erfarne guider tar deg med til de beste fiskeplassene, hvor du kan fange alt havet byr p\u00e5. Enten du er nybegynner eller erfaren fisker, skreddersyr vi turen etter dine \u00f8nsker for en uforglemmelig fiskeopplevelse. Bli med oss p\u00e5 ditt neste fiskeeventyr! Les Mer Titran Havfisketurer [&hellip;]<\/p>\n","protected":false},"author":1,"featured_media":0,"parent":0,"menu_order":0,"comment_status":"closed","ping_status":"closed","template":"","meta":{"footnotes":""},"class_list":["post-214","page","type-page","status-publish","hentry"],"_links":{"self":[{"href":"https:\/\/titran.no\/de\/wp-json\/wp\/v2\/pages\/214","targetHints":{"allow":["GET"]}}],"collection":[{"href":"https:\/\/titran.no\/de\/wp-json\/wp\/v2\/pages"}],"about":[{"href":"https:\/\/titran.no\/de\/wp-json\/wp\/v2\/types\/page"}],"author":[{"embeddable":true,"href":"https:\/\/titran.no\/de\/wp-json\/wp\/v2\/users\/1"}],"replies":[{"embeddable":true,"href":"https:\/\/titran.no\/de\/wp-json\/wp\/v2\/comments?post=214"}],"version-history":[{"count":5,"href":"https:\/\/titran.no\/de\/wp-json\/wp\/v2\/pages\/214\/revisions"}],"predecessor-version":[{"id":1435,"href":"https:\/\/titran.no\/de\/wp-json\/wp\/v2\/pages\/214\/revisions\/1435"}],"wp:attachment":[{"href":"https:\/\/titran.no\/de\/wp-json\/wp\/v2\/media?parent=214"}],"curies":[{"name":"wp","href":"https:\/\/api.w.org\/{rel}","templated":true}]}}