{"id":271,"date":"2025-09-28T15:51:13","date_gmt":"2025-09-28T15:51:13","guid":{"rendered":"https:\/\/titran.no\/?page_id=271"},"modified":"2025-10-24T20:33:49","modified_gmt":"2025-10-24T18:33:49","slug":"sloyebod","status":"publish","type":"page","link":"https:\/\/titran.no\/de\/sloyebod\/","title":{"rendered":"Bogenschuppen"},"content":{"rendered":"<div data-elementor-type=\"wp-page\" data-elementor-id=\"271\" class=\"elementor elementor-271\" data-elementor-post-type=\"page\">\n\t\t\t\t<div class=\"elementor-element elementor-element-8124250 e-flex e-con-boxed e-con e-parent\" data-id=\"8124250\" data-element_type=\"container\" data-e-type=\"container\">\n\t\t\t\t\t<div class=\"e-con-inner\">\n\t\t<div class=\"elementor-element elementor-element-59f3386 e-con-full e-flex e-con e-child\" data-id=\"59f3386\" data-element_type=\"container\" data-e-type=\"container\" data-settings=\"{&quot;background_background&quot;:&quot;classic&quot;}\">\n\t\t\t\t<div class=\"elementor-element elementor-element-ec720e2 elementor-position-top elementor-widget elementor-widget-image-box\" data-id=\"ec720e2\" data-element_type=\"widget\" data-e-type=\"widget\" data-widget_type=\"image-box.default\">\n\t\t\t\t\t<div class=\"elementor-image-box-wrapper\"><figure class=\"elementor-image-box-img\"><img fetchpriority=\"high\" decoding=\"async\" width=\"360\" height=\"270\" src=\"https:\/\/titran.no\/wp-content\/uploads\/2025\/09\/IMG_3583.webp\" class=\"attachment-full size-full wp-image-275\" alt=\"\" srcset=\"https:\/\/titran.no\/wp-content\/uploads\/2025\/09\/IMG_3583.webp 360w, https:\/\/titran.no\/wp-content\/uploads\/2025\/09\/IMG_3583-300x225.webp 300w\" sizes=\"(max-width: 360px) 100vw, 360px\" \/><\/figure><div class=\"elementor-image-box-content\"><h3 class=\"elementor-image-box-title\">Bogenschuppen<\/h3><p class=\"elementor-image-box-description\">Gro\u00dfartige Einrichtungen, um den Fang des Tages zu versorgen.<\/p><\/div><\/div>\t\t\t\t<\/div>\n\t\t\t\t<\/div>\n\t\t<div class=\"elementor-element elementor-element-b041144 e-con-full e-flex e-con e-child\" data-id=\"b041144\" data-element_type=\"container\" data-e-type=\"container\" data-settings=\"{&quot;background_background&quot;:&quot;classic&quot;}\">\n\t\t\t\t<div class=\"elementor-element elementor-element-8fac3ae elementor-position-top elementor-widget elementor-widget-image-box\" data-id=\"8fac3ae\" data-element_type=\"widget\" data-e-type=\"widget\" data-widget_type=\"image-box.default\">\n\t\t\t\t\t<div class=\"elementor-image-box-wrapper\"><figure class=\"elementor-image-box-img\"><img decoding=\"async\" width=\"360\" height=\"270\" src=\"https:\/\/titran.no\/wp-content\/uploads\/2025\/09\/IMG_3580.webp\" class=\"attachment-full size-full wp-image-273\" alt=\"\" srcset=\"https:\/\/titran.no\/wp-content\/uploads\/2025\/09\/IMG_3580.webp 360w, https:\/\/titran.no\/wp-content\/uploads\/2025\/09\/IMG_3580-300x225.webp 300w\" sizes=\"(max-width: 360px) 100vw, 360px\" \/><\/figure><div class=\"elementor-image-box-content\"><h3 class=\"elementor-image-box-title\">Ausr\u00fcstung<\/h3><p class=\"elementor-image-box-description\">Hei\u00dfes und kaltes Wasser, Schneidebrett, Messer, Waage und Sch\u00fcrze.\n\n<\/p><\/div><\/div>\t\t\t\t<\/div>\n\t\t\t\t<\/div>\n\t\t<div class=\"elementor-element elementor-element-e5e079f e-con-full e-flex e-con e-child\" data-id=\"e5e079f\" data-element_type=\"container\" data-e-type=\"container\" data-settings=\"{&quot;background_background&quot;:&quot;classic&quot;}\">\n\t\t\t\t<div class=\"elementor-element elementor-element-0457ee7 elementor-position-top elementor-widget elementor-widget-image-box\" data-id=\"0457ee7\" data-element_type=\"widget\" data-e-type=\"widget\" data-widget_type=\"image-box.default\">\n\t\t\t\t\t<div class=\"elementor-image-box-wrapper\"><figure class=\"elementor-image-box-img\"><img decoding=\"async\" width=\"360\" height=\"270\" src=\"https:\/\/titran.no\/wp-content\/uploads\/2025\/10\/IMG_3584.webp\" class=\"attachment-full size-full wp-image-1089\" alt=\"\" srcset=\"https:\/\/titran.no\/wp-content\/uploads\/2025\/10\/IMG_3584.webp 360w, https:\/\/titran.no\/wp-content\/uploads\/2025\/10\/IMG_3584-300x225.webp 300w, https:\/\/titran.no\/wp-content\/uploads\/2025\/10\/IMG_3584-16x12.webp 16w\" sizes=\"(max-width: 360px) 100vw, 360px\" \/><\/figure><div class=\"elementor-image-box-content\"><h3 class=\"elementor-image-box-title\">Seekarten<\/h3><p class=\"elementor-image-box-description\">Seekarte 41: Fr\u00f8ya - Gj\u00e6singen erh\u00e4ltlich in bua.\n\n<\/p><\/div><\/div>\t\t\t\t<\/div>\n\t\t\t\t<\/div>\n\t\t\t\t\t<\/div>\n\t\t\t\t<\/div>\n\t\t\t\t<\/div>","protected":false},"excerpt":{"rendered":"<p>Sl\u00f8yebod Fine fasiliteter for \u00e5 ta vare p\u00e5 dagens fangst. Utstyr Varmt og kaldt vann, skj\u00e6refj\u00f8l, kniver, vekt og forkle. Sj\u00f8kart Sj\u00f8kart 41: Fr\u00f8ya &#8211; Gj\u00e6singen tilgjengelig i bua.<\/p>","protected":false},"author":1,"featured_media":0,"parent":0,"menu_order":0,"comment_status":"closed","ping_status":"closed","template":"","meta":{"footnotes":""},"class_list":["post-271","page","type-page","status-publish","hentry"],"_links":{"self":[{"href":"https:\/\/titran.no\/de\/wp-json\/wp\/v2\/pages\/271","targetHints":{"allow":["GET"]}}],"collection":[{"href":"https:\/\/titran.no\/de\/wp-json\/wp\/v2\/pages"}],"about":[{"href":"https:\/\/titran.no\/de\/wp-json\/wp\/v2\/types\/page"}],"author":[{"embeddable":true,"href":"https:\/\/titran.no\/de\/wp-json\/wp\/v2\/users\/1"}],"replies":[{"embeddable":true,"href":"https:\/\/titran.no\/de\/wp-json\/wp\/v2\/comments?post=271"}],"version-history":[{"count":5,"href":"https:\/\/titran.no\/de\/wp-json\/wp\/v2\/pages\/271\/revisions"}],"predecessor-version":[{"id":1407,"href":"https:\/\/titran.no\/de\/wp-json\/wp\/v2\/pages\/271\/revisions\/1407"}],"wp:attachment":[{"href":"https:\/\/titran.no\/de\/wp-json\/wp\/v2\/media?parent=271"}],"curies":[{"name":"wp","href":"https:\/\/api.w.org\/{rel}","templated":true}]}}