{"id":288,"date":"2025-09-28T16:01:41","date_gmt":"2025-09-28T16:01:41","guid":{"rendered":"https:\/\/titran.no\/?page_id=288"},"modified":"2025-10-24T09:32:10","modified_gmt":"2025-10-24T07:32:10","slug":"bensin","status":"publish","type":"page","link":"https:\/\/titran.no\/de\/bensin\/","title":{"rendered":"Benzin"},"content":{"rendered":"<div data-elementor-type=\"wp-page\" data-elementor-id=\"288\" class=\"elementor elementor-288\" data-elementor-post-type=\"page\">\n\t\t\t\t<div class=\"elementor-element elementor-element-3b12c9a e-flex e-con-boxed e-con e-parent\" data-id=\"3b12c9a\" data-element_type=\"container\" data-e-type=\"container\">\n\t\t\t\t\t<div class=\"e-con-inner\">\n\t\t<div class=\"elementor-element elementor-element-8703091 e-con-full e-flex e-con e-child\" data-id=\"8703091\" data-element_type=\"container\" data-e-type=\"container\" data-settings=\"{&quot;background_background&quot;:&quot;classic&quot;}\">\n\t\t\t\t<div class=\"elementor-element elementor-element-6d47e1a elementor-position-top elementor-widget elementor-widget-image-box\" data-id=\"6d47e1a\" data-element_type=\"widget\" data-e-type=\"widget\" data-widget_type=\"image-box.default\">\n\t\t\t\t\t<div class=\"elementor-image-box-wrapper\"><figure class=\"elementor-image-box-img\"><img fetchpriority=\"high\" decoding=\"async\" width=\"1080\" height=\"1034\" src=\"https:\/\/titran.no\/wp-content\/uploads\/2025\/10\/140984206_1289858441393288_5612436286219387945_n.webp\" class=\"attachment-full size-full wp-image-1049\" alt=\"\" srcset=\"https:\/\/titran.no\/wp-content\/uploads\/2025\/10\/140984206_1289858441393288_5612436286219387945_n.webp 1080w, https:\/\/titran.no\/wp-content\/uploads\/2025\/10\/140984206_1289858441393288_5612436286219387945_n-300x287.webp 300w, https:\/\/titran.no\/wp-content\/uploads\/2025\/10\/140984206_1289858441393288_5612436286219387945_n-1024x980.webp 1024w, https:\/\/titran.no\/wp-content\/uploads\/2025\/10\/140984206_1289858441393288_5612436286219387945_n-768x735.webp 768w, https:\/\/titran.no\/wp-content\/uploads\/2025\/10\/140984206_1289858441393288_5612436286219387945_n-13x12.webp 13w\" sizes=\"(max-width: 1080px) 100vw, 1080px\" \/><\/figure><div class=\"elementor-image-box-content\"><h3 class=\"elementor-image-box-title\">Betankungsm\u00f6glichkeiten<\/h3><p class=\"elementor-image-box-description\">Bei uns k\u00f6nnen Sie an unserer privaten Tankstelle 50 Meter vom Yachthafen entfernt mit Ihrer eigenen Karte 24\/7 tanken.\n\n<\/p><\/div><\/div>\t\t\t\t<\/div>\n\t\t\t\t<\/div>\n\t\t<div class=\"elementor-element elementor-element-0aeec5c e-con-full e-flex e-con e-child\" data-id=\"0aeec5c\" data-element_type=\"container\" data-e-type=\"container\" data-settings=\"{&quot;background_background&quot;:&quot;classic&quot;}\">\n\t\t\t\t<div class=\"elementor-element elementor-element-e62ac50 elementor-position-top elementor-widget elementor-widget-image-box\" data-id=\"e62ac50\" data-element_type=\"widget\" data-e-type=\"widget\" data-widget_type=\"image-box.default\">\n\t\t\t\t\t<div class=\"elementor-image-box-wrapper\"><figure class=\"elementor-image-box-img\"><img decoding=\"async\" width=\"1080\" height=\"1034\" src=\"https:\/\/titran.no\/wp-content\/uploads\/2025\/10\/141123099_1049657012209371_5073975043075237272_n.webp\" class=\"attachment-full size-full wp-image-1048\" alt=\"\" srcset=\"https:\/\/titran.no\/wp-content\/uploads\/2025\/10\/141123099_1049657012209371_5073975043075237272_n.webp 1080w, https:\/\/titran.no\/wp-content\/uploads\/2025\/10\/141123099_1049657012209371_5073975043075237272_n-300x287.webp 300w, https:\/\/titran.no\/wp-content\/uploads\/2025\/10\/141123099_1049657012209371_5073975043075237272_n-1024x980.webp 1024w, https:\/\/titran.no\/wp-content\/uploads\/2025\/10\/141123099_1049657012209371_5073975043075237272_n-768x735.webp 768w, https:\/\/titran.no\/wp-content\/uploads\/2025\/10\/141123099_1049657012209371_5073975043075237272_n-13x12.webp 13w\" sizes=\"(max-width: 1080px) 100vw, 1080px\" \/><\/figure><div class=\"elementor-image-box-content\"><h3 class=\"elementor-image-box-title\">Pumpe f\u00fcr Benzin<\/h3><p class=\"elementor-image-box-description\">Die Zapfs\u00e4ule f\u00f6rdert 40 l\/min, und die Bezahlung erfolgt wie an einer normalen Tankstelle mit der eigenen Debit- oder Kreditkarte.\n\n\n<\/p><\/div><\/div>\t\t\t\t<\/div>\n\t\t\t\t<\/div>\n\t\t<div class=\"elementor-element elementor-element-b6ce42b e-con-full e-flex e-con e-child\" data-id=\"b6ce42b\" data-element_type=\"container\" data-e-type=\"container\" data-settings=\"{&quot;background_background&quot;:&quot;classic&quot;}\">\n\t\t\t\t<div class=\"elementor-element elementor-element-dcb7bb1 elementor-position-top elementor-widget elementor-widget-image-box\" data-id=\"dcb7bb1\" data-element_type=\"widget\" data-e-type=\"widget\" data-widget_type=\"image-box.default\">\n\t\t\t\t\t<div class=\"elementor-image-box-wrapper\"><figure class=\"elementor-image-box-img\"><img decoding=\"async\" width=\"1080\" height=\"1034\" src=\"https:\/\/titran.no\/wp-content\/uploads\/2025\/10\/141750700_201765311658936_5595586822212505640_n.webp\" class=\"attachment-full size-full wp-image-1047\" alt=\"\" srcset=\"https:\/\/titran.no\/wp-content\/uploads\/2025\/10\/141750700_201765311658936_5595586822212505640_n.webp 1080w, https:\/\/titran.no\/wp-content\/uploads\/2025\/10\/141750700_201765311658936_5595586822212505640_n-300x287.webp 300w, https:\/\/titran.no\/wp-content\/uploads\/2025\/10\/141750700_201765311658936_5595586822212505640_n-1024x980.webp 1024w, https:\/\/titran.no\/wp-content\/uploads\/2025\/10\/141750700_201765311658936_5595586822212505640_n-768x735.webp 768w, https:\/\/titran.no\/wp-content\/uploads\/2025\/10\/141750700_201765311658936_5595586822212505640_n-13x12.webp 13w\" sizes=\"(max-width: 1080px) 100vw, 1080px\" \/><\/figure><div class=\"elementor-image-box-content\"><h3 class=\"elementor-image-box-title\">Kartenmaschine<\/h3><p class=\"elementor-image-box-description\">Mit Chip, Magnetstreifen oder durch Abgreifen.\n\n\n\n<\/p><\/div><\/div>\t\t\t\t<\/div>\n\t\t\t\t<\/div>\n\t\t\t\t\t<\/div>\n\t\t\t\t<\/div>\n\t\t\t\t<\/div>","protected":false},"excerpt":{"rendered":"<p>Tankanlegg Hos oss kan man fylle bensin fra v\u00e5rt private tankanlegg 50 meter fra marina med ditt eget kort 24\/7. Pumpe for bensin Pumpe leverer 40l\/min og betaling gj\u00f8res som p\u00e5 vanlig bensinstasjon med eget debet eller kredittkort. Kortautomat Bruk chip, magnetstripe eller ved \u00e5 t\u00e6ppe.<\/p>","protected":false},"author":1,"featured_media":0,"parent":0,"menu_order":0,"comment_status":"closed","ping_status":"closed","template":"","meta":{"footnotes":""},"class_list":["post-288","page","type-page","status-publish","hentry"],"_links":{"self":[{"href":"https:\/\/titran.no\/de\/wp-json\/wp\/v2\/pages\/288","targetHints":{"allow":["GET"]}}],"collection":[{"href":"https:\/\/titran.no\/de\/wp-json\/wp\/v2\/pages"}],"about":[{"href":"https:\/\/titran.no\/de\/wp-json\/wp\/v2\/types\/page"}],"author":[{"embeddable":true,"href":"https:\/\/titran.no\/de\/wp-json\/wp\/v2\/users\/1"}],"replies":[{"embeddable":true,"href":"https:\/\/titran.no\/de\/wp-json\/wp\/v2\/comments?post=288"}],"version-history":[{"count":5,"href":"https:\/\/titran.no\/de\/wp-json\/wp\/v2\/pages\/288\/revisions"}],"predecessor-version":[{"id":1221,"href":"https:\/\/titran.no\/de\/wp-json\/wp\/v2\/pages\/288\/revisions\/1221"}],"wp:attachment":[{"href":"https:\/\/titran.no\/de\/wp-json\/wp\/v2\/media?parent=288"}],"curies":[{"name":"wp","href":"https:\/\/api.w.org\/{rel}","templated":true}]}}