{"id":378,"date":"2025-09-28T16:33:12","date_gmt":"2025-09-28T16:33:12","guid":{"rendered":"https:\/\/titran.no\/?page_id=378"},"modified":"2025-10-22T16:56:45","modified_gmt":"2025-10-22T16:56:45","slug":"link-til-booking-kalender","status":"publish","type":"page","link":"https:\/\/titran.no\/de\/link-til-booking-kalender\/","title":{"rendered":"Kalender"},"content":{"rendered":"<div data-elementor-type=\"wp-page\" data-elementor-id=\"378\" class=\"elementor elementor-378\" data-elementor-post-type=\"page\">\n\t\t\t\t<div class=\"elementor-element elementor-element-0b93d6f e-flex e-con-boxed e-con e-parent\" data-id=\"0b93d6f\" data-element_type=\"container\" data-e-type=\"container\">\n\t\t\t\t\t<div class=\"e-con-inner\">\n\t\t\t\t<div class=\"elementor-element elementor-element-f6e7b49 elementor-widget elementor-widget-text-editor\" data-id=\"f6e7b49\" data-element_type=\"widget\" data-e-type=\"widget\" data-widget_type=\"text-editor.default\">\n\t\t\t\t\t\t\t\t\t<p>Link zum Buchungskalender<\/p>\t\t\t\t\t\t\t\t<\/div>\n\t\t\t\t\t<\/div>\n\t\t\t\t<\/div>\n\t\t<a class=\"elementor-element elementor-element-e1d1a3d e-flex e-con-boxed e-con e-parent\" data-id=\"e1d1a3d\" data-element_type=\"container\" data-e-type=\"container\" data-settings=\"{&quot;background_background&quot;:&quot;classic&quot;}\" href=\"https:\/\/www.angelreisen.de\/angelurlaub\/titran-rorbu-nmtir.html\" target=\"_blank\">\n\t\t\t\t\t<div class=\"e-con-inner\">\n\t\t\t\t<div class=\"elementor-element elementor-element-890aaf3 elementor-widget elementor-widget-heading\" data-id=\"890aaf3\" data-element_type=\"widget\" data-e-type=\"widget\" data-widget_type=\"heading.default\">\n\t\t\t\t\t<h2 class=\"elementor-heading-title elementor-size-default\">Buchungskalender (klicken Sie auf die Registerkarte VERF\u00dcGBARKEIT, wenn sich der Link \u00f6ffnet)<\/h2>\t\t\t\t<\/div>\n\t\t\t\t\t<\/div>\n\t\t\t\t<\/a>\n\t\t\t\t<\/div>","protected":false},"excerpt":{"rendered":"<p>Link til booking kalender Booking kalender (trykk p\u00e5 fanen VERF\u00dcGBARKEIT n\u00e5r link \u00e5pner)<\/p>","protected":false},"author":1,"featured_media":0,"parent":0,"menu_order":0,"comment_status":"closed","ping_status":"closed","template":"","meta":{"footnotes":""},"class_list":["post-378","page","type-page","status-publish","hentry"],"_links":{"self":[{"href":"https:\/\/titran.no\/de\/wp-json\/wp\/v2\/pages\/378","targetHints":{"allow":["GET"]}}],"collection":[{"href":"https:\/\/titran.no\/de\/wp-json\/wp\/v2\/pages"}],"about":[{"href":"https:\/\/titran.no\/de\/wp-json\/wp\/v2\/types\/page"}],"author":[{"embeddable":true,"href":"https:\/\/titran.no\/de\/wp-json\/wp\/v2\/users\/1"}],"replies":[{"embeddable":true,"href":"https:\/\/titran.no\/de\/wp-json\/wp\/v2\/comments?post=378"}],"version-history":[{"count":5,"href":"https:\/\/titran.no\/de\/wp-json\/wp\/v2\/pages\/378\/revisions"}],"predecessor-version":[{"id":1164,"href":"https:\/\/titran.no\/de\/wp-json\/wp\/v2\/pages\/378\/revisions\/1164"}],"wp:attachment":[{"href":"https:\/\/titran.no\/de\/wp-json\/wp\/v2\/media?parent=378"}],"curies":[{"name":"wp","href":"https:\/\/api.w.org\/{rel}","templated":true}]}}