{"id":546,"date":"2025-10-20T14:40:43","date_gmt":"2025-10-20T14:40:43","guid":{"rendered":"https:\/\/titran.no\/?page_id=546"},"modified":"2025-12-26T15:32:40","modified_gmt":"2025-12-26T14:32:40","slug":"leilighet1","status":"publish","type":"page","link":"https:\/\/titran.no\/de\/leilighet1\/","title":{"rendered":"Wohnung 1"},"content":{"rendered":"<div data-elementor-type=\"wp-page\" data-elementor-id=\"546\" class=\"elementor elementor-546\" data-elementor-post-type=\"page\">\n\t\t\t\t<div class=\"elementor-element elementor-element-0e2b338 e-flex e-con-boxed e-con e-parent\" data-id=\"0e2b338\" data-element_type=\"container\" data-e-type=\"container\">\n\t\t\t\t\t<div class=\"e-con-inner\">\n\t\t<div class=\"elementor-element elementor-element-6aab5dd e-con-full e-flex e-con e-child\" data-id=\"6aab5dd\" data-element_type=\"container\" data-e-type=\"container\">\n\t\t\t\t<div class=\"elementor-element elementor-element-ad5ca39 elementor-widget elementor-widget-heading\" data-id=\"ad5ca39\" data-element_type=\"widget\" data-e-type=\"widget\" data-widget_type=\"heading.default\">\n\t\t\t\t\t<h2 class=\"elementor-heading-title elementor-size-default\">Wohnung 1<\/h2>\t\t\t\t<\/div>\n\t\t\t\t<div class=\"elementor-element elementor-element-8e51f89 elementor-widget elementor-widget-text-editor\" data-id=\"8e51f89\" data-element_type=\"widget\" data-e-type=\"widget\" data-widget_type=\"text-editor.default\">\n\t\t\t\t\t\t\t\t\t<div id=\"div_block-187-266\" class=\"ct-div-block\"><div id=\"div_block-188-266\" class=\"ct-div-block\"><div id=\"text_block-190-266\" class=\"ct-text-block\"><p>70m2 Wohnung \u00fcber 2 Etagen f\u00fcr 6 Personen, 3 Schlafzimmer, 6 Betten (5\u00d790 cm Betten und 1 x 150 cm Bett), 1 Badezimmer, Abstellraum und voll ausgestattete K\u00fcche.<\/p><p>Alle Wohnungen verf\u00fcgen \u00fcber Glasfaser und Satellitensch\u00fcssel mit norwegischen und europ\u00e4ischen Kan\u00e4len.<\/p><\/div><\/div><\/div>\t\t\t\t\t\t\t\t<\/div>\n\t\t\t\t<div class=\"elementor-element elementor-element-0f41465 elementor-mobile-align-center elementor-widget elementor-widget-button\" data-id=\"0f41465\" data-element_type=\"widget\" data-e-type=\"widget\" data-widget_type=\"button.default\">\n\t\t\t\t\t\t\t\t\t\t<a class=\"elementor-button elementor-button-link elementor-size-sm\" href=\"#kontakt\">\n\t\t\t\t\t\t<span class=\"elementor-button-content-wrapper\">\n\t\t\t\t\t\t\t\t\t<span class=\"elementor-button-text\">Kontakt<\/span>\n\t\t\t\t\t<\/span>\n\t\t\t\t\t<\/a>\n\t\t\t\t\t\t\t\t<\/div>\n\t\t\t\t<\/div>\n\t\t<div class=\"elementor-element elementor-element-3185ef6 e-con-full e-flex e-con e-child\" data-id=\"3185ef6\" data-element_type=\"container\" data-e-type=\"container\" data-settings=\"{&quot;background_background&quot;:&quot;classic&quot;}\">\n\t\t\t\t<\/div>\n\t\t\t\t\t<\/div>\n\t\t\t\t<\/div>\n\t\t<div class=\"elementor-element elementor-element-826bb2f e-flex e-con-boxed e-con e-parent\" data-id=\"826bb2f\" data-element_type=\"container\" data-e-type=\"container\">\n\t\t\t\t\t<div class=\"e-con-inner\">\n\t\t\t\t<div class=\"elementor-element elementor-element-bcc56ee elementor-widget elementor-widget-heading\" data-id=\"bcc56ee\" data-element_type=\"widget\" data-e-type=\"widget\" data-widget_type=\"heading.default\">\n\t\t\t\t\t<h2 class=\"elementor-heading-title elementor-size-default\">BILDER<\/h2>\t\t\t\t<\/div>\n\t\t\t\t<div class=\"elementor-element elementor-element-d674d3d elementor-widget-divider--view-line elementor-widget elementor-widget-divider\" data-id=\"d674d3d\" data-element_type=\"widget\" data-e-type=\"widget\" data-widget_type=\"divider.default\">\n\t\t\t\t\t\t\t<div class=\"elementor-divider\">\n\t\t\t<span class=\"elementor-divider-separator\">\n\t\t\t\t\t\t<\/span>\n\t\t<\/div>\n\t\t\t\t\t\t<\/div>\n\t\t\t\t<div class=\"elementor-element elementor-element-2792629 elementor-widget elementor-widget-gallery\" data-id=\"2792629\" data-element_type=\"widget\" data-e-type=\"widget\" data-settings=\"{&quot;columns&quot;:2,&quot;lazyload&quot;:&quot;yes&quot;,&quot;gallery_layout&quot;:&quot;grid&quot;,&quot;columns_tablet&quot;:2,&quot;columns_mobile&quot;:1,&quot;gap&quot;:{&quot;unit&quot;:&quot;px&quot;,&quot;size&quot;:10,&quot;sizes&quot;:[]},&quot;gap_tablet&quot;:{&quot;unit&quot;:&quot;px&quot;,&quot;size&quot;:10,&quot;sizes&quot;:[]},&quot;gap_mobile&quot;:{&quot;unit&quot;:&quot;px&quot;,&quot;size&quot;:10,&quot;sizes&quot;:[]},&quot;link_to&quot;:&quot;file&quot;,&quot;aspect_ratio&quot;:&quot;3:2&quot;,&quot;overlay_background&quot;:&quot;yes&quot;,&quot;content_hover_animation&quot;:&quot;fade-in&quot;}\" data-widget_type=\"gallery.default\">\n\t\t\t\t\t\t\t<div class=\"elementor-gallery__container\">\n\t\t\t\t\t\t\t<a class=\"e-gallery-item elementor-gallery-item elementor-animated-content\" href=\"https:\/\/titran.no\/wp-content\/uploads\/2025\/10\/IMG_6575-scaled.webp\" data-elementor-open-lightbox=\"yes\" data-elementor-lightbox-slideshow=\"2792629\" data-elementor-lightbox-title=\"IMG_6575\" data-e-action-hash=\"#elementor-action%3Aaction%3Dlightbox%26settings%3DeyJpZCI6NTQ0LCJ1cmwiOiJodHRwczpcL1wvdGl0cmFuLm5vXC93cC1jb250ZW50XC91cGxvYWRzXC8yMDI1XC8xMFwvSU1HXzY1NzUtc2NhbGVkLndlYnAiLCJzbGlkZXNob3ciOiIyNzkyNjI5In0%3D\">\n\t\t\t\t\t<div class=\"e-gallery-image elementor-gallery-item__image\" data-thumbnail=\"https:\/\/titran.no\/wp-content\/uploads\/2025\/10\/IMG_6575-768x1024.webp\" data-width=\"768\" data-height=\"1024\" aria-label=\"\" role=\"img\" ><\/div>\n\t\t\t\t\t\t\t\t\t\t\t<div class=\"elementor-gallery-item__overlay\"><\/div>\n\t\t\t\t\t\t\t\t\t\t\t\t\t\t<\/a>\n\t\t\t\t\t\t\t<a class=\"e-gallery-item elementor-gallery-item elementor-animated-content\" href=\"https:\/\/titran.no\/wp-content\/uploads\/2025\/10\/IMG_6544-scaled.webp\" data-elementor-open-lightbox=\"yes\" data-elementor-lightbox-slideshow=\"2792629\" data-elementor-lightbox-title=\"IMG_6544\" data-e-action-hash=\"#elementor-action%3Aaction%3Dlightbox%26settings%3DeyJpZCI6NTQyLCJ1cmwiOiJodHRwczpcL1wvdGl0cmFuLm5vXC93cC1jb250ZW50XC91cGxvYWRzXC8yMDI1XC8xMFwvSU1HXzY1NDQtc2NhbGVkLndlYnAiLCJzbGlkZXNob3ciOiIyNzkyNjI5In0%3D\">\n\t\t\t\t\t<div class=\"e-gallery-image elementor-gallery-item__image\" data-thumbnail=\"https:\/\/titran.no\/wp-content\/uploads\/2025\/10\/IMG_6544-1024x768.webp\" data-width=\"800\" data-height=\"600\" aria-label=\"\" role=\"img\" ><\/div>\n\t\t\t\t\t\t\t\t\t\t\t<div class=\"elementor-gallery-item__overlay\"><\/div>\n\t\t\t\t\t\t\t\t\t\t\t\t\t\t<\/a>\n\t\t\t\t\t\t\t<a class=\"e-gallery-item elementor-gallery-item elementor-animated-content\" href=\"https:\/\/titran.no\/wp-content\/uploads\/2025\/10\/IMG_6542-scaled.webp\" data-elementor-open-lightbox=\"yes\" data-elementor-lightbox-slideshow=\"2792629\" data-elementor-lightbox-title=\"IMG_6542\" data-e-action-hash=\"#elementor-action%3Aaction%3Dlightbox%26settings%3DeyJpZCI6NTQxLCJ1cmwiOiJodHRwczpcL1wvdGl0cmFuLm5vXC93cC1jb250ZW50XC91cGxvYWRzXC8yMDI1XC8xMFwvSU1HXzY1NDItc2NhbGVkLndlYnAiLCJzbGlkZXNob3ciOiIyNzkyNjI5In0%3D\">\n\t\t\t\t\t<div class=\"e-gallery-image elementor-gallery-item__image\" data-thumbnail=\"https:\/\/titran.no\/wp-content\/uploads\/2025\/10\/IMG_6542-872x1024.webp\" data-width=\"800\" data-height=\"939\" aria-label=\"\" role=\"img\" ><\/div>\n\t\t\t\t\t\t\t\t\t\t\t<div class=\"elementor-gallery-item__overlay\"><\/div>\n\t\t\t\t\t\t\t\t\t\t\t\t\t\t<\/a>\n\t\t\t\t\t\t\t<a class=\"e-gallery-item elementor-gallery-item elementor-animated-content\" href=\"https:\/\/titran.no\/wp-content\/uploads\/2025\/10\/IMG_6540-scaled.webp\" data-elementor-open-lightbox=\"yes\" data-elementor-lightbox-slideshow=\"2792629\" data-elementor-lightbox-title=\"IMG_6540\" data-e-action-hash=\"#elementor-action%3Aaction%3Dlightbox%26settings%3DeyJpZCI6NTQwLCJ1cmwiOiJodHRwczpcL1wvdGl0cmFuLm5vXC93cC1jb250ZW50XC91cGxvYWRzXC8yMDI1XC8xMFwvSU1HXzY1NDAtc2NhbGVkLndlYnAiLCJzbGlkZXNob3ciOiIyNzkyNjI5In0%3D\">\n\t\t\t\t\t<div class=\"e-gallery-image elementor-gallery-item__image\" data-thumbnail=\"https:\/\/titran.no\/wp-content\/uploads\/2025\/10\/IMG_6540-1024x768.webp\" data-width=\"800\" data-height=\"600\" aria-label=\"\" role=\"img\" ><\/div>\n\t\t\t\t\t\t\t\t\t\t\t<div class=\"elementor-gallery-item__overlay\"><\/div>\n\t\t\t\t\t\t\t\t\t\t\t\t\t\t<\/a>\n\t\t\t\t\t\t\t<a class=\"e-gallery-item elementor-gallery-item elementor-animated-content\" href=\"https:\/\/titran.no\/wp-content\/uploads\/2025\/10\/20251018_101011-1-scaled.webp\" data-elementor-open-lightbox=\"yes\" data-elementor-lightbox-slideshow=\"2792629\" data-elementor-lightbox-title=\"20251018_101011\" data-e-action-hash=\"#elementor-action%3Aaction%3Dlightbox%26settings%3DeyJpZCI6ODc5LCJ1cmwiOiJodHRwczpcL1wvdGl0cmFuLm5vXC93cC1jb250ZW50XC91cGxvYWRzXC8yMDI1XC8xMFwvMjAyNTEwMThfMTAxMDExLTEtc2NhbGVkLndlYnAiLCJzbGlkZXNob3ciOiIyNzkyNjI5In0%3D\">\n\t\t\t\t\t<div class=\"e-gallery-image elementor-gallery-item__image\" data-thumbnail=\"https:\/\/titran.no\/wp-content\/uploads\/2025\/10\/20251018_101011-1-1024x1024.webp\" data-width=\"800\" data-height=\"800\" aria-label=\"\" role=\"img\" ><\/div>\n\t\t\t\t\t\t\t\t\t\t\t<div class=\"elementor-gallery-item__overlay\"><\/div>\n\t\t\t\t\t\t\t\t\t\t\t\t\t\t<\/a>\n\t\t\t\t\t\t\t<a class=\"e-gallery-item elementor-gallery-item elementor-animated-content\" href=\"https:\/\/titran.no\/wp-content\/uploads\/2025\/10\/20251018_101033-1-scaled.webp\" data-elementor-open-lightbox=\"yes\" data-elementor-lightbox-slideshow=\"2792629\" data-elementor-lightbox-title=\"20251018_101033\" data-e-action-hash=\"#elementor-action%3Aaction%3Dlightbox%26settings%3DeyJpZCI6ODgwLCJ1cmwiOiJodHRwczpcL1wvdGl0cmFuLm5vXC93cC1jb250ZW50XC91cGxvYWRzXC8yMDI1XC8xMFwvMjAyNTEwMThfMTAxMDMzLTEtc2NhbGVkLndlYnAiLCJzbGlkZXNob3ciOiIyNzkyNjI5In0%3D\">\n\t\t\t\t\t<div class=\"e-gallery-image elementor-gallery-item__image\" data-thumbnail=\"https:\/\/titran.no\/wp-content\/uploads\/2025\/10\/20251018_101033-1-1024x1024.webp\" data-width=\"800\" data-height=\"800\" aria-label=\"\" role=\"img\" ><\/div>\n\t\t\t\t\t\t\t\t\t\t\t<div class=\"elementor-gallery-item__overlay\"><\/div>\n\t\t\t\t\t\t\t\t\t\t\t\t\t\t<\/a>\n\t\t\t\t\t\t\t<a class=\"e-gallery-item elementor-gallery-item elementor-animated-content\" href=\"https:\/\/titran.no\/wp-content\/uploads\/2025\/10\/20251018_101040-1-scaled.webp\" data-elementor-open-lightbox=\"yes\" data-elementor-lightbox-slideshow=\"2792629\" data-elementor-lightbox-title=\"20251018_101040\" data-e-action-hash=\"#elementor-action%3Aaction%3Dlightbox%26settings%3DeyJpZCI6ODgxLCJ1cmwiOiJodHRwczpcL1wvdGl0cmFuLm5vXC93cC1jb250ZW50XC91cGxvYWRzXC8yMDI1XC8xMFwvMjAyNTEwMThfMTAxMDQwLTEtc2NhbGVkLndlYnAiLCJzbGlkZXNob3ciOiIyNzkyNjI5In0%3D\">\n\t\t\t\t\t<div class=\"e-gallery-image elementor-gallery-item__image\" data-thumbnail=\"https:\/\/titran.no\/wp-content\/uploads\/2025\/10\/20251018_101040-1-1024x1024.webp\" data-width=\"800\" data-height=\"800\" aria-label=\"\" role=\"img\" ><\/div>\n\t\t\t\t\t\t\t\t\t\t\t<div class=\"elementor-gallery-item__overlay\"><\/div>\n\t\t\t\t\t\t\t\t\t\t\t\t\t\t<\/a>\n\t\t\t\t\t\t\t<a class=\"e-gallery-item elementor-gallery-item elementor-animated-content\" href=\"https:\/\/titran.no\/wp-content\/uploads\/2025\/10\/20251018_101057-1-scaled.webp\" data-elementor-open-lightbox=\"yes\" data-elementor-lightbox-slideshow=\"2792629\" data-elementor-lightbox-title=\"20251018_101057\" data-e-action-hash=\"#elementor-action%3Aaction%3Dlightbox%26settings%3DeyJpZCI6ODgzLCJ1cmwiOiJodHRwczpcL1wvdGl0cmFuLm5vXC93cC1jb250ZW50XC91cGxvYWRzXC8yMDI1XC8xMFwvMjAyNTEwMThfMTAxMDU3LTEtc2NhbGVkLndlYnAiLCJzbGlkZXNob3ciOiIyNzkyNjI5In0%3D\">\n\t\t\t\t\t<div class=\"e-gallery-image elementor-gallery-item__image\" data-thumbnail=\"https:\/\/titran.no\/wp-content\/uploads\/2025\/10\/20251018_101057-1-1024x1024.webp\" data-width=\"800\" data-height=\"800\" aria-label=\"\" role=\"img\" ><\/div>\n\t\t\t\t\t\t\t\t\t\t\t<div class=\"elementor-gallery-item__overlay\"><\/div>\n\t\t\t\t\t\t\t\t\t\t\t\t\t\t<\/a>\n\t\t\t\t\t\t\t<a class=\"e-gallery-item elementor-gallery-item elementor-animated-content\" href=\"https:\/\/titran.no\/wp-content\/uploads\/2025\/10\/20251018_101107-1-scaled.webp\" data-elementor-open-lightbox=\"yes\" data-elementor-lightbox-slideshow=\"2792629\" data-elementor-lightbox-title=\"20251018_101107\" data-e-action-hash=\"#elementor-action%3Aaction%3Dlightbox%26settings%3DeyJpZCI6ODg0LCJ1cmwiOiJodHRwczpcL1wvdGl0cmFuLm5vXC93cC1jb250ZW50XC91cGxvYWRzXC8yMDI1XC8xMFwvMjAyNTEwMThfMTAxMTA3LTEtc2NhbGVkLndlYnAiLCJzbGlkZXNob3ciOiIyNzkyNjI5In0%3D\">\n\t\t\t\t\t<div class=\"e-gallery-image elementor-gallery-item__image\" data-thumbnail=\"https:\/\/titran.no\/wp-content\/uploads\/2025\/10\/20251018_101107-1-1024x1024.webp\" data-width=\"800\" data-height=\"800\" aria-label=\"\" role=\"img\" ><\/div>\n\t\t\t\t\t\t\t\t\t\t\t<div class=\"elementor-gallery-item__overlay\"><\/div>\n\t\t\t\t\t\t\t\t\t\t\t\t\t\t<\/a>\n\t\t\t\t\t\t\t<a class=\"e-gallery-item elementor-gallery-item elementor-animated-content\" href=\"https:\/\/titran.no\/wp-content\/uploads\/2025\/11\/IMG_6502-scaled.webp\" data-elementor-open-lightbox=\"yes\" data-elementor-lightbox-slideshow=\"2792629\" data-elementor-lightbox-title=\"IMG_6502\" data-e-action-hash=\"#elementor-action%3Aaction%3Dlightbox%26settings%3DeyJpZCI6MTUxNCwidXJsIjoiaHR0cHM6XC9cL3RpdHJhbi5ub1wvd3AtY29udGVudFwvdXBsb2Fkc1wvMjAyNVwvMTFcL0lNR182NTAyLXNjYWxlZC53ZWJwIiwic2xpZGVzaG93IjoiMjc5MjYyOSJ9\">\n\t\t\t\t\t<div class=\"e-gallery-image elementor-gallery-item__image\" data-thumbnail=\"https:\/\/titran.no\/wp-content\/uploads\/2025\/11\/IMG_6502-1024x768.webp\" data-width=\"800\" data-height=\"600\" aria-label=\"\" role=\"img\" ><\/div>\n\t\t\t\t\t\t\t\t\t\t\t<div class=\"elementor-gallery-item__overlay\"><\/div>\n\t\t\t\t\t\t\t\t\t\t\t\t\t\t<\/a>\n\t\t\t\t\t\t\t<a class=\"e-gallery-item elementor-gallery-item elementor-animated-content\" href=\"https:\/\/titran.no\/wp-content\/uploads\/2025\/11\/IMG_6523-scaled.jpeg\" data-elementor-open-lightbox=\"yes\" data-elementor-lightbox-slideshow=\"2792629\" data-elementor-lightbox-title=\"IMG_6523\" data-e-action-hash=\"#elementor-action%3Aaction%3Dlightbox%26settings%3DeyJpZCI6MTUxNywidXJsIjoiaHR0cHM6XC9cL3RpdHJhbi5ub1wvd3AtY29udGVudFwvdXBsb2Fkc1wvMjAyNVwvMTFcL0lNR182NTIzLXNjYWxlZC5qcGVnIiwic2xpZGVzaG93IjoiMjc5MjYyOSJ9\">\n\t\t\t\t\t<div class=\"e-gallery-image elementor-gallery-item__image\" data-thumbnail=\"https:\/\/titran.no\/wp-content\/uploads\/2025\/11\/IMG_6523-1024x768.jpeg\" data-width=\"800\" data-height=\"600\" aria-label=\"\" role=\"img\" ><\/div>\n\t\t\t\t\t\t\t\t\t\t\t<div class=\"elementor-gallery-item__overlay\"><\/div>\n\t\t\t\t\t\t\t\t\t\t\t\t\t\t<\/a>\n\t\t\t\t\t\t\t<a class=\"e-gallery-item elementor-gallery-item elementor-animated-content\" href=\"https:\/\/titran.no\/wp-content\/uploads\/2025\/10\/20251018_101200-1-scaled.webp\" data-elementor-open-lightbox=\"yes\" data-elementor-lightbox-slideshow=\"2792629\" data-elementor-lightbox-title=\"20251018_101200\" data-e-action-hash=\"#elementor-action%3Aaction%3Dlightbox%26settings%3DeyJpZCI6ODg3LCJ1cmwiOiJodHRwczpcL1wvdGl0cmFuLm5vXC93cC1jb250ZW50XC91cGxvYWRzXC8yMDI1XC8xMFwvMjAyNTEwMThfMTAxMjAwLTEtc2NhbGVkLndlYnAiLCJzbGlkZXNob3ciOiIyNzkyNjI5In0%3D\">\n\t\t\t\t\t<div class=\"e-gallery-image elementor-gallery-item__image\" data-thumbnail=\"https:\/\/titran.no\/wp-content\/uploads\/2025\/10\/20251018_101200-1-1024x1024.webp\" data-width=\"800\" data-height=\"800\" aria-label=\"\" role=\"img\" ><\/div>\n\t\t\t\t\t\t\t\t\t\t\t<div class=\"elementor-gallery-item__overlay\"><\/div>\n\t\t\t\t\t\t\t\t\t\t\t\t\t\t<\/a>\n\t\t\t\t\t\t\t<a class=\"e-gallery-item elementor-gallery-item elementor-animated-content\" href=\"https:\/\/titran.no\/wp-content\/uploads\/2025\/11\/IMG_6489-scaled.webp\" data-elementor-open-lightbox=\"yes\" data-elementor-lightbox-slideshow=\"2792629\" data-elementor-lightbox-title=\"IMG_6489\" data-e-action-hash=\"#elementor-action%3Aaction%3Dlightbox%26settings%3DeyJpZCI6MTUxNiwidXJsIjoiaHR0cHM6XC9cL3RpdHJhbi5ub1wvd3AtY29udGVudFwvdXBsb2Fkc1wvMjAyNVwvMTFcL0lNR182NDg5LXNjYWxlZC53ZWJwIiwic2xpZGVzaG93IjoiMjc5MjYyOSJ9\">\n\t\t\t\t\t<div class=\"e-gallery-image elementor-gallery-item__image\" data-thumbnail=\"https:\/\/titran.no\/wp-content\/uploads\/2025\/11\/IMG_6489-768x1024.webp\" data-width=\"768\" data-height=\"1024\" aria-label=\"\" role=\"img\" ><\/div>\n\t\t\t\t\t\t\t\t\t\t\t<div class=\"elementor-gallery-item__overlay\"><\/div>\n\t\t\t\t\t\t\t\t\t\t\t\t\t\t<\/a>\n\t\t\t\t\t\t\t<a class=\"e-gallery-item elementor-gallery-item elementor-animated-content\" href=\"https:\/\/titran.no\/wp-content\/uploads\/2025\/10\/20251018_101507-1-scaled.webp\" data-elementor-open-lightbox=\"yes\" data-elementor-lightbox-slideshow=\"2792629\" data-elementor-lightbox-title=\"20251018_101507\" data-e-action-hash=\"#elementor-action%3Aaction%3Dlightbox%26settings%3DeyJpZCI6ODkwLCJ1cmwiOiJodHRwczpcL1wvdGl0cmFuLm5vXC93cC1jb250ZW50XC91cGxvYWRzXC8yMDI1XC8xMFwvMjAyNTEwMThfMTAxNTA3LTEtc2NhbGVkLndlYnAiLCJzbGlkZXNob3ciOiIyNzkyNjI5In0%3D\">\n\t\t\t\t\t<div class=\"e-gallery-image elementor-gallery-item__image\" data-thumbnail=\"https:\/\/titran.no\/wp-content\/uploads\/2025\/10\/20251018_101507-1-1024x1024.webp\" data-width=\"800\" data-height=\"800\" aria-label=\"\" role=\"img\" ><\/div>\n\t\t\t\t\t\t\t\t\t\t\t<div class=\"elementor-gallery-item__overlay\"><\/div>\n\t\t\t\t\t\t\t\t\t\t\t\t\t\t<\/a>\n\t\t\t\t\t\t\t<a class=\"e-gallery-item elementor-gallery-item elementor-animated-content\" href=\"https:\/\/titran.no\/wp-content\/uploads\/2025\/10\/20251018_101511-1-scaled.webp\" data-elementor-open-lightbox=\"yes\" data-elementor-lightbox-slideshow=\"2792629\" data-elementor-lightbox-title=\"20251018_101511\" data-e-action-hash=\"#elementor-action%3Aaction%3Dlightbox%26settings%3DeyJpZCI6ODkxLCJ1cmwiOiJodHRwczpcL1wvdGl0cmFuLm5vXC93cC1jb250ZW50XC91cGxvYWRzXC8yMDI1XC8xMFwvMjAyNTEwMThfMTAxNTExLTEtc2NhbGVkLndlYnAiLCJzbGlkZXNob3ciOiIyNzkyNjI5In0%3D\">\n\t\t\t\t\t<div class=\"e-gallery-image elementor-gallery-item__image\" data-thumbnail=\"https:\/\/titran.no\/wp-content\/uploads\/2025\/10\/20251018_101511-1-1024x1024.webp\" data-width=\"800\" data-height=\"800\" aria-label=\"\" role=\"img\" ><\/div>\n\t\t\t\t\t\t\t\t\t\t\t<div class=\"elementor-gallery-item__overlay\"><\/div>\n\t\t\t\t\t\t\t\t\t\t\t\t\t\t<\/a>\n\t\t\t\t\t\t\t<a class=\"e-gallery-item elementor-gallery-item elementor-animated-content\" href=\"https:\/\/titran.no\/wp-content\/uploads\/2025\/10\/20251018_101532-1-scaled.webp\" data-elementor-open-lightbox=\"yes\" data-elementor-lightbox-slideshow=\"2792629\" data-elementor-lightbox-title=\"20251018_101532\" data-e-action-hash=\"#elementor-action%3Aaction%3Dlightbox%26settings%3DeyJpZCI6ODkyLCJ1cmwiOiJodHRwczpcL1wvdGl0cmFuLm5vXC93cC1jb250ZW50XC91cGxvYWRzXC8yMDI1XC8xMFwvMjAyNTEwMThfMTAxNTMyLTEtc2NhbGVkLndlYnAiLCJzbGlkZXNob3ciOiIyNzkyNjI5In0%3D\">\n\t\t\t\t\t<div class=\"e-gallery-image elementor-gallery-item__image\" data-thumbnail=\"https:\/\/titran.no\/wp-content\/uploads\/2025\/10\/20251018_101532-1-1024x1024.webp\" data-width=\"800\" data-height=\"800\" aria-label=\"\" role=\"img\" ><\/div>\n\t\t\t\t\t\t\t\t\t\t\t<div class=\"elementor-gallery-item__overlay\"><\/div>\n\t\t\t\t\t\t\t\t\t\t\t\t\t\t<\/a>\n\t\t\t\t\t<\/div>\n\t\t\t\t\t<\/div>\n\t\t\t\t\t<\/div>\n\t\t\t\t<\/div>\n\t\t<div class=\"elementor-element elementor-element-cd16ac3 e-flex e-con-boxed e-con e-parent\" data-id=\"cd16ac3\" data-element_type=\"container\" data-e-type=\"container\">\n\t\t\t\t\t<div class=\"e-con-inner\">\n\t\t\t\t\t<\/div>\n\t\t\t\t<\/div>\n\t\t\t\t<\/div>","protected":false},"excerpt":{"rendered":"<p>Leilighet 1 70m2 leilighet over 2 etasjer beregnet for 6 personer, 3 soverom, 6 sengeplasser (5&#215;90 cm senger og 1 x 150 cm seng), 1 bad, bod og fullt utstyrt kj\u00f8kken. Alle leilighetene har fiber og parabol med b\u00e5de norske og europeiske kanaler. Kontakt oss BILDER<\/p>","protected":false},"author":1,"featured_media":0,"parent":0,"menu_order":0,"comment_status":"closed","ping_status":"closed","template":"","meta":{"footnotes":""},"class_list":["post-546","page","type-page","status-publish","hentry"],"_links":{"self":[{"href":"https:\/\/titran.no\/de\/wp-json\/wp\/v2\/pages\/546","targetHints":{"allow":["GET"]}}],"collection":[{"href":"https:\/\/titran.no\/de\/wp-json\/wp\/v2\/pages"}],"about":[{"href":"https:\/\/titran.no\/de\/wp-json\/wp\/v2\/types\/page"}],"author":[{"embeddable":true,"href":"https:\/\/titran.no\/de\/wp-json\/wp\/v2\/users\/1"}],"replies":[{"embeddable":true,"href":"https:\/\/titran.no\/de\/wp-json\/wp\/v2\/comments?post=546"}],"version-history":[{"count":5,"href":"https:\/\/titran.no\/de\/wp-json\/wp\/v2\/pages\/546\/revisions"}],"predecessor-version":[{"id":1577,"href":"https:\/\/titran.no\/de\/wp-json\/wp\/v2\/pages\/546\/revisions\/1577"}],"wp:attachment":[{"href":"https:\/\/titran.no\/de\/wp-json\/wp\/v2\/media?parent=546"}],"curies":[{"name":"wp","href":"https:\/\/api.w.org\/{rel}","templated":true}]}}