{"id":640,"date":"2025-10-20T15:03:41","date_gmt":"2025-10-20T15:03:41","guid":{"rendered":"https:\/\/titran.no\/?page_id=640"},"modified":"2025-11-22T17:31:53","modified_gmt":"2025-11-22T16:31:53","slug":"leil-4","status":"publish","type":"page","link":"https:\/\/titran.no\/de\/leil-4\/","title":{"rendered":"Wohnung 4"},"content":{"rendered":"<div data-elementor-type=\"wp-page\" data-elementor-id=\"640\" class=\"elementor elementor-640\" data-elementor-post-type=\"page\">\n\t\t\t\t<div class=\"elementor-element elementor-element-361b6ff e-flex e-con-boxed e-con e-parent\" data-id=\"361b6ff\" data-element_type=\"container\" data-e-type=\"container\">\n\t\t\t\t\t<div class=\"e-con-inner\">\n\t\t<div class=\"elementor-element elementor-element-d24d01c e-con-full e-flex e-con e-child\" data-id=\"d24d01c\" data-element_type=\"container\" data-e-type=\"container\">\n\t\t\t\t<div class=\"elementor-element elementor-element-bf6e20b elementor-widget elementor-widget-heading\" data-id=\"bf6e20b\" data-element_type=\"widget\" data-e-type=\"widget\" data-widget_type=\"heading.default\">\n\t\t\t\t\t<h2 class=\"elementor-heading-title elementor-size-default\">Wohnung 4<\/h2>\t\t\t\t<\/div>\n\t\t\t\t<div class=\"elementor-element elementor-element-bce8c1a elementor-widget elementor-widget-text-editor\" data-id=\"bce8c1a\" data-element_type=\"widget\" data-e-type=\"widget\" data-widget_type=\"text-editor.default\">\n\t\t\t\t\t\t\t\t\t<div id=\"div_block-187-266\" class=\"ct-div-block\"><div id=\"div_block-188-266\" class=\"ct-div-block\"><div id=\"text_block-190-266\" class=\"ct-text-block\">70m2 Wohnung \u00fcber 2 Etagen f\u00fcr 6 Personen, 3 Schlafzimmer, 6 Betten (5\u00d790 cm Betten und 1 x 150 cm Bett), 1 Badezimmer, Abstellraum und voll ausgestattete K\u00fcche.<br \/><br \/>Alle Wohnungen verf\u00fcgen \u00fcber Glasfaser und Satellitensch\u00fcssel mit norwegischen und europ\u00e4ischen Kan\u00e4len.<\/div><\/div><\/div>\t\t\t\t\t\t\t\t<\/div>\n\t\t\t\t<div class=\"elementor-element elementor-element-2d34ac5 elementor-mobile-align-center elementor-widget elementor-widget-button\" data-id=\"2d34ac5\" data-element_type=\"widget\" data-e-type=\"widget\" data-widget_type=\"button.default\">\n\t\t\t\t\t\t\t\t\t\t<a class=\"elementor-button elementor-button-link elementor-size-sm\" href=\"#kontakt\">\n\t\t\t\t\t\t<span class=\"elementor-button-content-wrapper\">\n\t\t\t\t\t\t\t\t\t<span class=\"elementor-button-text\">Kontakt<\/span>\n\t\t\t\t\t<\/span>\n\t\t\t\t\t<\/a>\n\t\t\t\t\t\t\t\t<\/div>\n\t\t\t\t<\/div>\n\t\t<div class=\"elementor-element elementor-element-c8c3ecb e-con-full e-flex e-con e-child\" data-id=\"c8c3ecb\" data-element_type=\"container\" data-e-type=\"container\" data-settings=\"{&quot;background_background&quot;:&quot;classic&quot;}\">\n\t\t\t\t<\/div>\n\t\t\t\t\t<\/div>\n\t\t\t\t<\/div>\n\t\t<div class=\"elementor-element elementor-element-46ce286 e-flex e-con-boxed e-con e-parent\" data-id=\"46ce286\" data-element_type=\"container\" data-e-type=\"container\">\n\t\t\t\t\t<div class=\"e-con-inner\">\n\t\t\t\t<div class=\"elementor-element elementor-element-be524bb elementor-widget elementor-widget-heading\" data-id=\"be524bb\" data-element_type=\"widget\" data-e-type=\"widget\" data-widget_type=\"heading.default\">\n\t\t\t\t\t<h2 class=\"elementor-heading-title elementor-size-default\">BILDER<\/h2>\t\t\t\t<\/div>\n\t\t\t\t<div class=\"elementor-element elementor-element-7a84570 elementor-widget-divider--view-line elementor-widget elementor-widget-divider\" data-id=\"7a84570\" data-element_type=\"widget\" data-e-type=\"widget\" data-widget_type=\"divider.default\">\n\t\t\t\t\t\t\t<div class=\"elementor-divider\">\n\t\t\t<span class=\"elementor-divider-separator\">\n\t\t\t\t\t\t<\/span>\n\t\t<\/div>\n\t\t\t\t\t\t<\/div>\n\t\t\t\t<div class=\"elementor-element elementor-element-9cffd4b elementor-widget elementor-widget-gallery\" data-id=\"9cffd4b\" data-element_type=\"widget\" data-e-type=\"widget\" data-settings=\"{&quot;columns&quot;:2,&quot;lazyload&quot;:&quot;yes&quot;,&quot;gallery_layout&quot;:&quot;grid&quot;,&quot;columns_tablet&quot;:2,&quot;columns_mobile&quot;:1,&quot;gap&quot;:{&quot;unit&quot;:&quot;px&quot;,&quot;size&quot;:10,&quot;sizes&quot;:[]},&quot;gap_tablet&quot;:{&quot;unit&quot;:&quot;px&quot;,&quot;size&quot;:10,&quot;sizes&quot;:[]},&quot;gap_mobile&quot;:{&quot;unit&quot;:&quot;px&quot;,&quot;size&quot;:10,&quot;sizes&quot;:[]},&quot;link_to&quot;:&quot;file&quot;,&quot;aspect_ratio&quot;:&quot;3:2&quot;,&quot;overlay_background&quot;:&quot;yes&quot;,&quot;content_hover_animation&quot;:&quot;fade-in&quot;}\" data-widget_type=\"gallery.default\">\n\t\t\t\t\t\t\t<div class=\"elementor-gallery__container\">\n\t\t\t\t\t\t\t<a class=\"e-gallery-item elementor-gallery-item elementor-animated-content\" href=\"https:\/\/titran.no\/wp-content\/uploads\/2025\/10\/20251018_103020-scaled.webp\" data-elementor-open-lightbox=\"yes\" data-elementor-lightbox-slideshow=\"9cffd4b\" data-elementor-lightbox-title=\"20251018_103020\" data-e-action-hash=\"#elementor-action%3Aaction%3Dlightbox%26settings%3DeyJpZCI6NjQyLCJ1cmwiOiJodHRwczpcL1wvdGl0cmFuLm5vXC93cC1jb250ZW50XC91cGxvYWRzXC8yMDI1XC8xMFwvMjAyNTEwMThfMTAzMDIwLXNjYWxlZC53ZWJwIiwic2xpZGVzaG93IjoiOWNmZmQ0YiJ9\">\n\t\t\t\t\t<div class=\"e-gallery-image elementor-gallery-item__image\" data-thumbnail=\"https:\/\/titran.no\/wp-content\/uploads\/2025\/10\/20251018_103020-1024x1024.webp\" data-width=\"800\" data-height=\"800\" aria-label=\"\" role=\"img\" ><\/div>\n\t\t\t\t\t\t\t\t\t\t\t<div class=\"elementor-gallery-item__overlay\"><\/div>\n\t\t\t\t\t\t\t\t\t\t\t\t\t\t<\/a>\n\t\t\t\t\t\t\t<a class=\"e-gallery-item elementor-gallery-item elementor-animated-content\" href=\"https:\/\/titran.no\/wp-content\/uploads\/2025\/10\/20251018_103030-scaled.webp\" data-elementor-open-lightbox=\"yes\" data-elementor-lightbox-slideshow=\"9cffd4b\" data-elementor-lightbox-title=\"20251018_103030\" data-e-action-hash=\"#elementor-action%3Aaction%3Dlightbox%26settings%3DeyJpZCI6NjQ2LCJ1cmwiOiJodHRwczpcL1wvdGl0cmFuLm5vXC93cC1jb250ZW50XC91cGxvYWRzXC8yMDI1XC8xMFwvMjAyNTEwMThfMTAzMDMwLXNjYWxlZC53ZWJwIiwic2xpZGVzaG93IjoiOWNmZmQ0YiJ9\">\n\t\t\t\t\t<div class=\"e-gallery-image elementor-gallery-item__image\" data-thumbnail=\"https:\/\/titran.no\/wp-content\/uploads\/2025\/10\/20251018_103030-1024x1024.webp\" data-width=\"800\" data-height=\"800\" aria-label=\"\" role=\"img\" ><\/div>\n\t\t\t\t\t\t\t\t\t\t\t<div class=\"elementor-gallery-item__overlay\"><\/div>\n\t\t\t\t\t\t\t\t\t\t\t\t\t\t<\/a>\n\t\t\t\t\t\t\t<a class=\"e-gallery-item elementor-gallery-item elementor-animated-content\" href=\"https:\/\/titran.no\/wp-content\/uploads\/2025\/10\/20251018_1030480-scaled.webp\" data-elementor-open-lightbox=\"yes\" data-elementor-lightbox-slideshow=\"9cffd4b\" data-elementor-lightbox-title=\"20251018_103048(0)\" data-e-action-hash=\"#elementor-action%3Aaction%3Dlightbox%26settings%3DeyJpZCI6NjQ4LCJ1cmwiOiJodHRwczpcL1wvdGl0cmFuLm5vXC93cC1jb250ZW50XC91cGxvYWRzXC8yMDI1XC8xMFwvMjAyNTEwMThfMTAzMDQ4MC1zY2FsZWQud2VicCIsInNsaWRlc2hvdyI6IjljZmZkNGIifQ%3D%3D\">\n\t\t\t\t\t<div class=\"e-gallery-image elementor-gallery-item__image\" data-thumbnail=\"https:\/\/titran.no\/wp-content\/uploads\/2025\/10\/20251018_1030480-1024x1024.webp\" data-width=\"800\" data-height=\"800\" aria-label=\"\" role=\"img\" ><\/div>\n\t\t\t\t\t\t\t\t\t\t\t<div class=\"elementor-gallery-item__overlay\"><\/div>\n\t\t\t\t\t\t\t\t\t\t\t\t\t\t<\/a>\n\t\t\t\t\t\t\t<a class=\"e-gallery-item elementor-gallery-item elementor-animated-content\" href=\"https:\/\/titran.no\/wp-content\/uploads\/2025\/10\/20251018_1035440-scaled.webp\" data-elementor-open-lightbox=\"yes\" data-elementor-lightbox-slideshow=\"9cffd4b\" data-elementor-lightbox-title=\"20251018_103544(0)\" data-e-action-hash=\"#elementor-action%3Aaction%3Dlightbox%26settings%3DeyJpZCI6NjY1LCJ1cmwiOiJodHRwczpcL1wvdGl0cmFuLm5vXC93cC1jb250ZW50XC91cGxvYWRzXC8yMDI1XC8xMFwvMjAyNTEwMThfMTAzNTQ0MC1zY2FsZWQud2VicCIsInNsaWRlc2hvdyI6IjljZmZkNGIifQ%3D%3D\">\n\t\t\t\t\t<div class=\"e-gallery-image elementor-gallery-item__image\" data-thumbnail=\"https:\/\/titran.no\/wp-content\/uploads\/2025\/10\/20251018_1035440-1024x1024.webp\" data-width=\"800\" data-height=\"800\" aria-label=\"\" role=\"img\" ><\/div>\n\t\t\t\t\t\t\t\t\t\t\t<div class=\"elementor-gallery-item__overlay\"><\/div>\n\t\t\t\t\t\t\t\t\t\t\t\t\t\t<\/a>\n\t\t\t\t\t\t\t<a class=\"e-gallery-item elementor-gallery-item elementor-animated-content\" href=\"https:\/\/titran.no\/wp-content\/uploads\/2025\/10\/20251018_103457-scaled.webp\" data-elementor-open-lightbox=\"yes\" data-elementor-lightbox-slideshow=\"9cffd4b\" data-elementor-lightbox-title=\"20251018_103457\" data-e-action-hash=\"#elementor-action%3Aaction%3Dlightbox%26settings%3DeyJpZCI6NjY0LCJ1cmwiOiJodHRwczpcL1wvdGl0cmFuLm5vXC93cC1jb250ZW50XC91cGxvYWRzXC8yMDI1XC8xMFwvMjAyNTEwMThfMTAzNDU3LXNjYWxlZC53ZWJwIiwic2xpZGVzaG93IjoiOWNmZmQ0YiJ9\">\n\t\t\t\t\t<div class=\"e-gallery-image elementor-gallery-item__image\" data-thumbnail=\"https:\/\/titran.no\/wp-content\/uploads\/2025\/10\/20251018_103457-1024x1024.webp\" data-width=\"800\" data-height=\"800\" aria-label=\"\" role=\"img\" ><\/div>\n\t\t\t\t\t\t\t\t\t\t\t<div class=\"elementor-gallery-item__overlay\"><\/div>\n\t\t\t\t\t\t\t\t\t\t\t\t\t\t<\/a>\n\t\t\t\t\t\t\t<a class=\"e-gallery-item elementor-gallery-item elementor-animated-content\" href=\"https:\/\/titran.no\/wp-content\/uploads\/2025\/10\/20251018_103330-scaled.webp\" data-elementor-open-lightbox=\"yes\" data-elementor-lightbox-slideshow=\"9cffd4b\" data-elementor-lightbox-title=\"20251018_103330\" data-e-action-hash=\"#elementor-action%3Aaction%3Dlightbox%26settings%3DeyJpZCI6NjYxLCJ1cmwiOiJodHRwczpcL1wvdGl0cmFuLm5vXC93cC1jb250ZW50XC91cGxvYWRzXC8yMDI1XC8xMFwvMjAyNTEwMThfMTAzMzMwLXNjYWxlZC53ZWJwIiwic2xpZGVzaG93IjoiOWNmZmQ0YiJ9\">\n\t\t\t\t\t<div class=\"e-gallery-image elementor-gallery-item__image\" data-thumbnail=\"https:\/\/titran.no\/wp-content\/uploads\/2025\/10\/20251018_103330-1024x1024.webp\" data-width=\"800\" data-height=\"800\" aria-label=\"\" role=\"img\" ><\/div>\n\t\t\t\t\t\t\t\t\t\t\t<div class=\"elementor-gallery-item__overlay\"><\/div>\n\t\t\t\t\t\t\t\t\t\t\t\t\t\t<\/a>\n\t\t\t\t\t\t\t<a class=\"e-gallery-item elementor-gallery-item elementor-animated-content\" href=\"https:\/\/titran.no\/wp-content\/uploads\/2025\/10\/20251018_103325-scaled.webp\" data-elementor-open-lightbox=\"yes\" data-elementor-lightbox-slideshow=\"9cffd4b\" data-elementor-lightbox-title=\"20251018_103325\" data-e-action-hash=\"#elementor-action%3Aaction%3Dlightbox%26settings%3DeyJpZCI6NjU4LCJ1cmwiOiJodHRwczpcL1wvdGl0cmFuLm5vXC93cC1jb250ZW50XC91cGxvYWRzXC8yMDI1XC8xMFwvMjAyNTEwMThfMTAzMzI1LXNjYWxlZC53ZWJwIiwic2xpZGVzaG93IjoiOWNmZmQ0YiJ9\">\n\t\t\t\t\t<div class=\"e-gallery-image elementor-gallery-item__image\" data-thumbnail=\"https:\/\/titran.no\/wp-content\/uploads\/2025\/10\/20251018_103325-1024x1024.webp\" data-width=\"800\" data-height=\"800\" aria-label=\"\" role=\"img\" ><\/div>\n\t\t\t\t\t\t\t\t\t\t\t<div class=\"elementor-gallery-item__overlay\"><\/div>\n\t\t\t\t\t\t\t\t\t\t\t\t\t\t<\/a>\n\t\t\t\t\t\t\t<a class=\"e-gallery-item elementor-gallery-item elementor-animated-content\" href=\"https:\/\/titran.no\/wp-content\/uploads\/2025\/10\/20251018_1033180-scaled.webp\" data-elementor-open-lightbox=\"yes\" data-elementor-lightbox-slideshow=\"9cffd4b\" data-elementor-lightbox-title=\"20251018_103318(0)\" data-e-action-hash=\"#elementor-action%3Aaction%3Dlightbox%26settings%3DeyJpZCI6NjU2LCJ1cmwiOiJodHRwczpcL1wvdGl0cmFuLm5vXC93cC1jb250ZW50XC91cGxvYWRzXC8yMDI1XC8xMFwvMjAyNTEwMThfMTAzMzE4MC1zY2FsZWQud2VicCIsInNsaWRlc2hvdyI6IjljZmZkNGIifQ%3D%3D\">\n\t\t\t\t\t<div class=\"e-gallery-image elementor-gallery-item__image\" data-thumbnail=\"https:\/\/titran.no\/wp-content\/uploads\/2025\/10\/20251018_1033180-1024x1024.webp\" data-width=\"800\" data-height=\"800\" aria-label=\"\" role=\"img\" ><\/div>\n\t\t\t\t\t\t\t\t\t\t\t<div class=\"elementor-gallery-item__overlay\"><\/div>\n\t\t\t\t\t\t\t\t\t\t\t\t\t\t<\/a>\n\t\t\t\t\t\t\t<a class=\"e-gallery-item elementor-gallery-item elementor-animated-content\" href=\"https:\/\/titran.no\/wp-content\/uploads\/2025\/10\/20251018_1031480-scaled.webp\" data-elementor-open-lightbox=\"yes\" data-elementor-lightbox-slideshow=\"9cffd4b\" data-elementor-lightbox-title=\"20251018_103148(0)\" data-e-action-hash=\"#elementor-action%3Aaction%3Dlightbox%26settings%3DeyJpZCI6NjUzLCJ1cmwiOiJodHRwczpcL1wvdGl0cmFuLm5vXC93cC1jb250ZW50XC91cGxvYWRzXC8yMDI1XC8xMFwvMjAyNTEwMThfMTAzMTQ4MC1zY2FsZWQud2VicCIsInNsaWRlc2hvdyI6IjljZmZkNGIifQ%3D%3D\">\n\t\t\t\t\t<div class=\"e-gallery-image elementor-gallery-item__image\" data-thumbnail=\"https:\/\/titran.no\/wp-content\/uploads\/2025\/10\/20251018_1031480-1024x1024.webp\" data-width=\"800\" data-height=\"800\" aria-label=\"\" role=\"img\" ><\/div>\n\t\t\t\t\t\t\t\t\t\t\t<div class=\"elementor-gallery-item__overlay\"><\/div>\n\t\t\t\t\t\t\t\t\t\t\t\t\t\t<\/a>\n\t\t\t\t\t\t\t<a class=\"e-gallery-item elementor-gallery-item elementor-animated-content\" href=\"https:\/\/titran.no\/wp-content\/uploads\/2025\/10\/20251018_103122-scaled.webp\" data-elementor-open-lightbox=\"yes\" data-elementor-lightbox-slideshow=\"9cffd4b\" data-elementor-lightbox-title=\"20251018_103122\" data-e-action-hash=\"#elementor-action%3Aaction%3Dlightbox%26settings%3DeyJpZCI6NjUyLCJ1cmwiOiJodHRwczpcL1wvdGl0cmFuLm5vXC93cC1jb250ZW50XC91cGxvYWRzXC8yMDI1XC8xMFwvMjAyNTEwMThfMTAzMTIyLXNjYWxlZC53ZWJwIiwic2xpZGVzaG93IjoiOWNmZmQ0YiJ9\">\n\t\t\t\t\t<div class=\"e-gallery-image elementor-gallery-item__image\" data-thumbnail=\"https:\/\/titran.no\/wp-content\/uploads\/2025\/10\/20251018_103122-1024x1024.webp\" data-width=\"800\" data-height=\"800\" aria-label=\"\" role=\"img\" ><\/div>\n\t\t\t\t\t\t\t\t\t\t\t<div class=\"elementor-gallery-item__overlay\"><\/div>\n\t\t\t\t\t\t\t\t\t\t\t\t\t\t<\/a>\n\t\t\t\t\t<\/div>\n\t\t\t\t\t<\/div>\n\t\t\t\t\t<\/div>\n\t\t\t\t<\/div>\n\t\t<div class=\"elementor-element elementor-element-a0d8c5a e-flex e-con-boxed e-con e-parent\" data-id=\"a0d8c5a\" data-element_type=\"container\" data-e-type=\"container\">\n\t\t\t\t\t<div class=\"e-con-inner\">\n\t\t\t\t\t<\/div>\n\t\t\t\t<\/div>\n\t\t\t\t<\/div>","protected":false},"excerpt":{"rendered":"<p>Leilighet 4 70m2 leilighet over 2 etasjer beregnet for 6 personer, 3 soverom, 6 sengeplasser (5&#215;90 cm senger og 1 x 150 cm seng), 1 bad, bod og fullt utstyrt kj\u00f8kken. Alle leilighetene har fiber og parabol med b\u00e5de norske og europeiske kanaler. Kontakt oss BILDER<\/p>","protected":false},"author":1,"featured_media":0,"parent":0,"menu_order":0,"comment_status":"closed","ping_status":"closed","template":"","meta":{"footnotes":""},"class_list":["post-640","page","type-page","status-publish","hentry"],"_links":{"self":[{"href":"https:\/\/titran.no\/de\/wp-json\/wp\/v2\/pages\/640","targetHints":{"allow":["GET"]}}],"collection":[{"href":"https:\/\/titran.no\/de\/wp-json\/wp\/v2\/pages"}],"about":[{"href":"https:\/\/titran.no\/de\/wp-json\/wp\/v2\/types\/page"}],"author":[{"embeddable":true,"href":"https:\/\/titran.no\/de\/wp-json\/wp\/v2\/users\/1"}],"replies":[{"embeddable":true,"href":"https:\/\/titran.no\/de\/wp-json\/wp\/v2\/comments?post=640"}],"version-history":[{"count":5,"href":"https:\/\/titran.no\/de\/wp-json\/wp\/v2\/pages\/640\/revisions"}],"predecessor-version":[{"id":1554,"href":"https:\/\/titran.no\/de\/wp-json\/wp\/v2\/pages\/640\/revisions\/1554"}],"wp:attachment":[{"href":"https:\/\/titran.no\/de\/wp-json\/wp\/v2\/media?parent=640"}],"curies":[{"name":"wp","href":"https:\/\/api.w.org\/{rel}","templated":true}]}}