{"id":695,"date":"2025-10-20T15:13:07","date_gmt":"2025-10-20T15:13:07","guid":{"rendered":"https:\/\/titran.no\/?page_id=695"},"modified":"2025-11-22T17:47:38","modified_gmt":"2025-11-22T16:47:38","slug":"leil-6","status":"publish","type":"page","link":"https:\/\/titran.no\/de\/leil-6\/","title":{"rendered":"Wohnung 6"},"content":{"rendered":"<div data-elementor-type=\"wp-page\" data-elementor-id=\"695\" class=\"elementor elementor-695\" data-elementor-post-type=\"page\">\n\t\t\t\t<div class=\"elementor-element elementor-element-1fe6e42 e-flex e-con-boxed e-con e-parent\" data-id=\"1fe6e42\" data-element_type=\"container\" data-e-type=\"container\">\n\t\t\t\t\t<div class=\"e-con-inner\">\n\t\t<div class=\"elementor-element elementor-element-5bfddef e-con-full e-flex e-con e-child\" data-id=\"5bfddef\" data-element_type=\"container\" data-e-type=\"container\">\n\t\t\t\t<div class=\"elementor-element elementor-element-bf31abf elementor-widget elementor-widget-heading\" data-id=\"bf31abf\" data-element_type=\"widget\" data-e-type=\"widget\" data-widget_type=\"heading.default\">\n\t\t\t\t\t<h2 class=\"elementor-heading-title elementor-size-default\">Wohnung 6<\/h2>\t\t\t\t<\/div>\n\t\t\t\t<div class=\"elementor-element elementor-element-df7a187 elementor-widget elementor-widget-text-editor\" data-id=\"df7a187\" data-element_type=\"widget\" data-e-type=\"widget\" data-widget_type=\"text-editor.default\">\n\t\t\t\t\t\t\t\t\t<div id=\"div_block-187-266\" class=\"ct-div-block\"><div id=\"div_block-188-266\" class=\"ct-div-block\"><div id=\"text_block-190-266\" class=\"ct-text-block\">70m2 Wohnung \u00fcber 2 Etagen f\u00fcr 6 Personen, 3 Schlafzimmer, 6 Betten (5\u00d790 cm Betten und 1 x 150 cm Bett), 1 Badezimmer, Abstellraum und voll ausgestattete K\u00fcche.<br \/><br \/>Alle Wohnungen verf\u00fcgen \u00fcber Glasfaser und Satellitensch\u00fcssel mit norwegischen und europ\u00e4ischen Kan\u00e4len.<\/div><\/div><\/div>\t\t\t\t\t\t\t\t<\/div>\n\t\t\t\t<div class=\"elementor-element elementor-element-4aa0085 elementor-mobile-align-center elementor-widget elementor-widget-button\" data-id=\"4aa0085\" data-element_type=\"widget\" data-e-type=\"widget\" data-widget_type=\"button.default\">\n\t\t\t\t\t\t\t\t\t\t<a class=\"elementor-button elementor-button-link elementor-size-sm\" href=\"#kontakt\">\n\t\t\t\t\t\t<span class=\"elementor-button-content-wrapper\">\n\t\t\t\t\t\t\t\t\t<span class=\"elementor-button-text\">Kontakt<\/span>\n\t\t\t\t\t<\/span>\n\t\t\t\t\t<\/a>\n\t\t\t\t\t\t\t\t<\/div>\n\t\t\t\t<\/div>\n\t\t<div class=\"elementor-element elementor-element-a43e386 e-con-full e-flex e-con e-child\" data-id=\"a43e386\" data-element_type=\"container\" data-e-type=\"container\" data-settings=\"{&quot;background_background&quot;:&quot;classic&quot;}\">\n\t\t\t\t<\/div>\n\t\t\t\t\t<\/div>\n\t\t\t\t<\/div>\n\t\t<div class=\"elementor-element elementor-element-1a7ed87 e-flex e-con-boxed e-con e-parent\" data-id=\"1a7ed87\" data-element_type=\"container\" data-e-type=\"container\">\n\t\t\t\t\t<div class=\"e-con-inner\">\n\t\t\t\t<div class=\"elementor-element elementor-element-f98f52b elementor-widget elementor-widget-heading\" data-id=\"f98f52b\" data-element_type=\"widget\" data-e-type=\"widget\" data-widget_type=\"heading.default\">\n\t\t\t\t\t<h2 class=\"elementor-heading-title elementor-size-default\">BILDER<\/h2>\t\t\t\t<\/div>\n\t\t\t\t<div class=\"elementor-element elementor-element-8cf016d elementor-widget-divider--view-line elementor-widget elementor-widget-divider\" data-id=\"8cf016d\" data-element_type=\"widget\" data-e-type=\"widget\" data-widget_type=\"divider.default\">\n\t\t\t\t\t\t\t<div class=\"elementor-divider\">\n\t\t\t<span class=\"elementor-divider-separator\">\n\t\t\t\t\t\t<\/span>\n\t\t<\/div>\n\t\t\t\t\t\t<\/div>\n\t\t\t\t<div class=\"elementor-element elementor-element-d1be274 elementor-widget elementor-widget-gallery\" data-id=\"d1be274\" data-element_type=\"widget\" data-e-type=\"widget\" data-settings=\"{&quot;columns&quot;:2,&quot;lazyload&quot;:&quot;yes&quot;,&quot;gallery_layout&quot;:&quot;grid&quot;,&quot;columns_tablet&quot;:2,&quot;columns_mobile&quot;:1,&quot;gap&quot;:{&quot;unit&quot;:&quot;px&quot;,&quot;size&quot;:10,&quot;sizes&quot;:[]},&quot;gap_tablet&quot;:{&quot;unit&quot;:&quot;px&quot;,&quot;size&quot;:10,&quot;sizes&quot;:[]},&quot;gap_mobile&quot;:{&quot;unit&quot;:&quot;px&quot;,&quot;size&quot;:10,&quot;sizes&quot;:[]},&quot;link_to&quot;:&quot;file&quot;,&quot;aspect_ratio&quot;:&quot;3:2&quot;,&quot;overlay_background&quot;:&quot;yes&quot;,&quot;content_hover_animation&quot;:&quot;fade-in&quot;}\" data-widget_type=\"gallery.default\">\n\t\t\t\t\t\t\t<div class=\"elementor-gallery__container\">\n\t\t\t\t\t\t\t<a class=\"e-gallery-item elementor-gallery-item elementor-animated-content\" href=\"https:\/\/titran.no\/wp-content\/uploads\/2025\/10\/IMG_3658-scaled.webp\" data-elementor-open-lightbox=\"yes\" data-elementor-lightbox-slideshow=\"d1be274\" data-elementor-lightbox-title=\"IMG_3658\" data-e-action-hash=\"#elementor-action%3Aaction%3Dlightbox%26settings%3DeyJpZCI6Njk3LCJ1cmwiOiJodHRwczpcL1wvdGl0cmFuLm5vXC93cC1jb250ZW50XC91cGxvYWRzXC8yMDI1XC8xMFwvSU1HXzM2NTgtc2NhbGVkLndlYnAiLCJzbGlkZXNob3ciOiJkMWJlMjc0In0%3D\">\n\t\t\t\t\t<div class=\"e-gallery-image elementor-gallery-item__image\" data-thumbnail=\"https:\/\/titran.no\/wp-content\/uploads\/2025\/10\/IMG_3658-1024x768.webp\" data-width=\"800\" data-height=\"600\" aria-label=\"\" role=\"img\" ><\/div>\n\t\t\t\t\t\t\t\t\t\t\t<div class=\"elementor-gallery-item__overlay\"><\/div>\n\t\t\t\t\t\t\t\t\t\t\t\t\t\t<\/a>\n\t\t\t\t\t\t\t<a class=\"e-gallery-item elementor-gallery-item elementor-animated-content\" href=\"https:\/\/titran.no\/wp-content\/uploads\/2025\/11\/IMG_6599-scaled.webp\" data-elementor-open-lightbox=\"yes\" data-elementor-lightbox-slideshow=\"d1be274\" data-elementor-lightbox-title=\"IMG_6599\" data-e-action-hash=\"#elementor-action%3Aaction%3Dlightbox%26settings%3DeyJpZCI6MTUzNCwidXJsIjoiaHR0cHM6XC9cL3RpdHJhbi5ub1wvd3AtY29udGVudFwvdXBsb2Fkc1wvMjAyNVwvMTFcL0lNR182NTk5LXNjYWxlZC53ZWJwIiwic2xpZGVzaG93IjoiZDFiZTI3NCJ9\">\n\t\t\t\t\t<div class=\"e-gallery-image elementor-gallery-item__image\" data-thumbnail=\"https:\/\/titran.no\/wp-content\/uploads\/2025\/11\/IMG_6599-1024x768.webp\" data-width=\"800\" data-height=\"600\" aria-label=\"\" role=\"img\" ><\/div>\n\t\t\t\t\t\t\t\t\t\t\t<div class=\"elementor-gallery-item__overlay\"><\/div>\n\t\t\t\t\t\t\t\t\t\t\t\t\t\t<\/a>\n\t\t\t\t\t\t\t<a class=\"e-gallery-item elementor-gallery-item elementor-animated-content\" href=\"https:\/\/titran.no\/wp-content\/uploads\/2025\/10\/20251018_104434-scaled.webp\" data-elementor-open-lightbox=\"yes\" data-elementor-lightbox-slideshow=\"d1be274\" data-elementor-lightbox-title=\"20251018_104434\" data-e-action-hash=\"#elementor-action%3Aaction%3Dlightbox%26settings%3DeyJpZCI6NzAxLCJ1cmwiOiJodHRwczpcL1wvdGl0cmFuLm5vXC93cC1jb250ZW50XC91cGxvYWRzXC8yMDI1XC8xMFwvMjAyNTEwMThfMTA0NDM0LXNjYWxlZC53ZWJwIiwic2xpZGVzaG93IjoiZDFiZTI3NCJ9\">\n\t\t\t\t\t<div class=\"e-gallery-image elementor-gallery-item__image\" data-thumbnail=\"https:\/\/titran.no\/wp-content\/uploads\/2025\/10\/20251018_104434-1024x1024.webp\" data-width=\"800\" data-height=\"800\" aria-label=\"\" role=\"img\" ><\/div>\n\t\t\t\t\t\t\t\t\t\t\t<div class=\"elementor-gallery-item__overlay\"><\/div>\n\t\t\t\t\t\t\t\t\t\t\t\t\t\t<\/a>\n\t\t\t\t\t\t\t<a class=\"e-gallery-item elementor-gallery-item elementor-animated-content\" href=\"https:\/\/titran.no\/wp-content\/uploads\/2025\/10\/20251018_104530-scaled.webp\" data-elementor-open-lightbox=\"yes\" data-elementor-lightbox-slideshow=\"d1be274\" data-elementor-lightbox-title=\"20251018_104530\" data-e-action-hash=\"#elementor-action%3Aaction%3Dlightbox%26settings%3DeyJpZCI6NzA2LCJ1cmwiOiJodHRwczpcL1wvdGl0cmFuLm5vXC93cC1jb250ZW50XC91cGxvYWRzXC8yMDI1XC8xMFwvMjAyNTEwMThfMTA0NTMwLXNjYWxlZC53ZWJwIiwic2xpZGVzaG93IjoiZDFiZTI3NCJ9\">\n\t\t\t\t\t<div class=\"e-gallery-image elementor-gallery-item__image\" data-thumbnail=\"https:\/\/titran.no\/wp-content\/uploads\/2025\/10\/20251018_104530-1024x1024.webp\" data-width=\"800\" data-height=\"800\" aria-label=\"\" role=\"img\" ><\/div>\n\t\t\t\t\t\t\t\t\t\t\t<div class=\"elementor-gallery-item__overlay\"><\/div>\n\t\t\t\t\t\t\t\t\t\t\t\t\t\t<\/a>\n\t\t\t\t\t\t\t<a class=\"e-gallery-item elementor-gallery-item elementor-animated-content\" href=\"https:\/\/titran.no\/wp-content\/uploads\/2025\/10\/20251018_104620-scaled.webp\" data-elementor-open-lightbox=\"yes\" data-elementor-lightbox-slideshow=\"d1be274\" data-elementor-lightbox-title=\"20251018_104620\" data-e-action-hash=\"#elementor-action%3Aaction%3Dlightbox%26settings%3DeyJpZCI6NzA4LCJ1cmwiOiJodHRwczpcL1wvdGl0cmFuLm5vXC93cC1jb250ZW50XC91cGxvYWRzXC8yMDI1XC8xMFwvMjAyNTEwMThfMTA0NjIwLXNjYWxlZC53ZWJwIiwic2xpZGVzaG93IjoiZDFiZTI3NCJ9\">\n\t\t\t\t\t<div class=\"e-gallery-image elementor-gallery-item__image\" data-thumbnail=\"https:\/\/titran.no\/wp-content\/uploads\/2025\/10\/20251018_104620-1024x1024.webp\" data-width=\"800\" data-height=\"800\" aria-label=\"\" role=\"img\" ><\/div>\n\t\t\t\t\t\t\t\t\t\t\t<div class=\"elementor-gallery-item__overlay\"><\/div>\n\t\t\t\t\t\t\t\t\t\t\t\t\t\t<\/a>\n\t\t\t\t\t\t\t<a class=\"e-gallery-item elementor-gallery-item elementor-animated-content\" href=\"https:\/\/titran.no\/wp-content\/uploads\/2025\/10\/20251018_1043520-scaled.webp\" data-elementor-open-lightbox=\"yes\" data-elementor-lightbox-slideshow=\"d1be274\" data-elementor-lightbox-title=\"20251018_104352(0)\" data-e-action-hash=\"#elementor-action%3Aaction%3Dlightbox%26settings%3DeyJpZCI6Njk4LCJ1cmwiOiJodHRwczpcL1wvdGl0cmFuLm5vXC93cC1jb250ZW50XC91cGxvYWRzXC8yMDI1XC8xMFwvMjAyNTEwMThfMTA0MzUyMC1zY2FsZWQud2VicCIsInNsaWRlc2hvdyI6ImQxYmUyNzQifQ%3D%3D\">\n\t\t\t\t\t<div class=\"e-gallery-image elementor-gallery-item__image\" data-thumbnail=\"https:\/\/titran.no\/wp-content\/uploads\/2025\/10\/20251018_1043520-1024x1024.webp\" data-width=\"800\" data-height=\"800\" aria-label=\"\" role=\"img\" ><\/div>\n\t\t\t\t\t\t\t\t\t\t\t<div class=\"elementor-gallery-item__overlay\"><\/div>\n\t\t\t\t\t\t\t\t\t\t\t\t\t\t<\/a>\n\t\t\t\t\t\t\t<a class=\"e-gallery-item elementor-gallery-item elementor-animated-content\" href=\"https:\/\/titran.no\/wp-content\/uploads\/2025\/10\/20251018_101532-scaled.webp\" data-elementor-open-lightbox=\"yes\" data-elementor-lightbox-slideshow=\"d1be274\" data-elementor-lightbox-title=\"20251018_101532\" data-e-action-hash=\"#elementor-action%3Aaction%3Dlightbox%26settings%3DeyJpZCI6NjA0LCJ1cmwiOiJodHRwczpcL1wvdGl0cmFuLm5vXC93cC1jb250ZW50XC91cGxvYWRzXC8yMDI1XC8xMFwvMjAyNTEwMThfMTAxNTMyLXNjYWxlZC53ZWJwIiwic2xpZGVzaG93IjoiZDFiZTI3NCJ9\">\n\t\t\t\t\t<div class=\"e-gallery-image elementor-gallery-item__image\" data-thumbnail=\"https:\/\/titran.no\/wp-content\/uploads\/2025\/10\/20251018_101532-1024x1024.webp\" data-width=\"800\" data-height=\"800\" aria-label=\"\" role=\"img\" ><\/div>\n\t\t\t\t\t\t\t\t\t\t\t<div class=\"elementor-gallery-item__overlay\"><\/div>\n\t\t\t\t\t\t\t\t\t\t\t\t\t\t<\/a>\n\t\t\t\t\t<\/div>\n\t\t\t\t\t<\/div>\n\t\t\t\t\t<\/div>\n\t\t\t\t<\/div>\n\t\t\t\t<\/div>","protected":false},"excerpt":{"rendered":"<p>Leilighet 6 70m2 leilighet over 2 etasjer beregnet for 6 personer, 3 soverom, 6 sengeplasser (5&#215;90 cm senger og 1 x 150 cm seng), 1 bad, bod og fullt utstyrt kj\u00f8kken. Alle leilighetene har fiber og parabol med b\u00e5de norske og europeiske kanaler. Kontakt oss BILDER<\/p>","protected":false},"author":1,"featured_media":0,"parent":0,"menu_order":0,"comment_status":"closed","ping_status":"closed","template":"","meta":{"footnotes":""},"class_list":["post-695","page","type-page","status-publish","hentry"],"_links":{"self":[{"href":"https:\/\/titran.no\/de\/wp-json\/wp\/v2\/pages\/695","targetHints":{"allow":["GET"]}}],"collection":[{"href":"https:\/\/titran.no\/de\/wp-json\/wp\/v2\/pages"}],"about":[{"href":"https:\/\/titran.no\/de\/wp-json\/wp\/v2\/types\/page"}],"author":[{"embeddable":true,"href":"https:\/\/titran.no\/de\/wp-json\/wp\/v2\/users\/1"}],"replies":[{"embeddable":true,"href":"https:\/\/titran.no\/de\/wp-json\/wp\/v2\/comments?post=695"}],"version-history":[{"count":5,"href":"https:\/\/titran.no\/de\/wp-json\/wp\/v2\/pages\/695\/revisions"}],"predecessor-version":[{"id":1561,"href":"https:\/\/titran.no\/de\/wp-json\/wp\/v2\/pages\/695\/revisions\/1561"}],"wp:attachment":[{"href":"https:\/\/titran.no\/de\/wp-json\/wp\/v2\/media?parent=695"}],"curies":[{"name":"wp","href":"https:\/\/api.w.org\/{rel}","templated":true}]}}