{"id":1198,"date":"2025-10-24T05:47:05","date_gmt":"2025-10-24T05:47:05","guid":{"rendered":"https:\/\/titran.no\/?page_id=1198"},"modified":"2025-10-24T05:53:25","modified_gmt":"2025-10-24T05:53:25","slug":"personvern","status":"publish","type":"page","link":"https:\/\/titran.no\/en\/personvern\/","title":{"rendered":"Privacy policy"},"content":{"rendered":"<div data-elementor-type=\"wp-page\" data-elementor-id=\"1198\" class=\"elementor elementor-1198\" data-elementor-post-type=\"page\">\n\t\t\t\t\t\t<section class=\"elementor-section elementor-top-section elementor-element elementor-element-faa1ba0 elementor-section-height-min-height elementor-section-boxed elementor-section-height-default elementor-section-items-middle\" data-id=\"faa1ba0\" data-element_type=\"section\" data-e-type=\"section\">\n\t\t\t\t\t\t<div class=\"elementor-container elementor-column-gap-default\">\n\t\t\t\t\t<div class=\"elementor-column elementor-col-33 elementor-top-column elementor-element elementor-element-c750bbf\" data-id=\"c750bbf\" data-element_type=\"column\" data-e-type=\"column\">\n\t\t\t<div class=\"elementor-widget-wrap elementor-element-populated\">\n\t\t\t\t\t\t<div class=\"elementor-element elementor-element-579a0cd elementor-widget elementor-widget-text-editor\" data-id=\"579a0cd\" data-element_type=\"widget\" data-e-type=\"widget\" data-widget_type=\"text-editor.default\">\n\t\t\t\t\t\t\t\t\t<p><strong>Titran Rorbuer and Havfiskesenter<br \/><\/strong>Stabbveien 93, 7268 Titran<\/p>\t\t\t\t\t\t\t\t<\/div>\n\t\t\t\t\t<\/div>\n\t\t<\/div>\n\t\t\t\t<div class=\"elementor-column elementor-col-33 elementor-top-column elementor-element elementor-element-0b9a453\" data-id=\"0b9a453\" data-element_type=\"column\" data-e-type=\"column\">\n\t\t\t<div class=\"elementor-widget-wrap elementor-element-populated\">\n\t\t\t\t\t\t<div class=\"elementor-element elementor-element-2f32bee elementor-widget elementor-widget-text-editor\" data-id=\"2f32bee\" data-element_type=\"widget\" data-e-type=\"widget\" data-widget_type=\"text-editor.default\">\n\t\t\t\t\t\t\t\t\t<p><strong>Org nr:<\/strong> 917 67 362<\/p>\t\t\t\t\t\t\t\t<\/div>\n\t\t\t\t\t<\/div>\n\t\t<\/div>\n\t\t\t\t<div class=\"elementor-column elementor-col-33 elementor-top-column elementor-element elementor-element-518b3ee\" data-id=\"518b3ee\" data-element_type=\"column\" data-e-type=\"column\">\n\t\t\t<div class=\"elementor-widget-wrap elementor-element-populated\">\n\t\t\t\t\t\t<div class=\"elementor-element elementor-element-904207d elementor-widget elementor-widget-text-editor\" data-id=\"904207d\" data-element_type=\"widget\" data-e-type=\"widget\" data-widget_type=\"text-editor.default\">\n\t\t\t\t\t\t\t\t\t<p><strong>Phone:<\/strong> 407 00 760<br \/><strong>Phone:<\/strong> 917 67 362<br \/><strong>E-mail address<\/strong>: <a href=\"mailto:post@titran.no\" data-track-event=\"click\" data-track-action=\"email_link\">post@titran.no<\/a>\u00a0<\/p>\t\t\t\t\t\t\t\t<\/div>\n\t\t\t\t\t<\/div>\n\t\t<\/div>\n\t\t\t\t\t<\/div>\n\t\t<\/section>\n\t\t\t\t<section class=\"elementor-section elementor-top-section elementor-element elementor-element-f5676d6 elementor-section-boxed elementor-section-height-default elementor-section-height-default\" data-id=\"f5676d6\" data-element_type=\"section\" data-e-type=\"section\">\n\t\t\t\t\t\t<div class=\"elementor-container elementor-column-gap-default\">\n\t\t\t\t\t<div class=\"elementor-column elementor-col-50 elementor-top-column elementor-element elementor-element-6a9825a\" data-id=\"6a9825a\" data-element_type=\"column\" data-e-type=\"column\">\n\t\t\t<div class=\"elementor-widget-wrap elementor-element-populated\">\n\t\t\t\t\t\t<div class=\"elementor-element elementor-element-c43a5cb elementor-widget elementor-widget-text-editor\" data-id=\"c43a5cb\" data-element_type=\"widget\" data-e-type=\"widget\" data-widget_type=\"text-editor.default\">\n\t\t\t\t\t\t\t\t\t<p><strong>Personal data that is processed.\u00a0<\/strong><br \/>First name and surname<br \/>Address<br \/>Phone number<br \/>E-mail<br \/>Company name and org. no.<br \/>Contact person<\/p><p><strong>What is the personal data used for?<\/strong><br \/>The company uses the personal data to manage your customer relationship with us. We may use your data for the following purposes:<\/p><ul><li>To process inquiries<\/li><li>Carry out inspections if desired<\/li><li>Pos. order goods<\/li><li>Possibly send an invoice<\/li><li>To test and improve the systems we use to provide services<\/li><li>To be able to communicate<\/li><\/ul><p>The information we receive will be used to contact you and we will only collect information that is necessary for the purpose for which it is to be used.<\/p><p><strong>Disclosure of personal data<\/strong><br \/>We do not sell personal data for marketing purposes to other companies. We may only share your personal data in the following cases:<\/p><ul><li>With third parties, when the order includes goods supplied by a third party<\/li><li>Third-party supplier performing tasks or work on our behalf and according to our instructions<\/li><li>With public authorities or agencies when it is required by law, court decisions or legally binding decisions from the authorities.<\/li><\/ul><p><strong><br \/>Where is your personal information stored?<\/strong><br \/>Your information is stored in our computer system. We have good security on this and only necessary personnel have access to relevant information.<\/p><p><b>Google<\/b><\/p><p>We use Google Analytics to measure the number of visitors, which pages are most popular, how long the visits last and other related information.<\/p><p>This information is anonymized as far as possible via Google Analytics' tools, and it is only used to give an overall impression, we do not identify individuals through statistics collection.<\/p><p><a href=\"https:\/\/policies.google.com\/privacy\">Read more in Google's privacy policy<\/a>.<\/p><p>We use Google Ads - advertising system. With Ads, advertisers can reach people who actively search for their products or services in the Google search engine.<\/p><p><a href=\"https:\/\/policies.google.com\/technologies\/ads\">Here you can read more about how Google Ads uses cookies.<\/a><\/p>\t\t\t\t\t\t\t\t<\/div>\n\t\t\t\t\t<\/div>\n\t\t<\/div>\n\t\t\t\t<div class=\"elementor-column elementor-col-50 elementor-top-column elementor-element elementor-element-4248b5d\" data-id=\"4248b5d\" data-element_type=\"column\" data-e-type=\"column\">\n\t\t\t<div class=\"elementor-widget-wrap elementor-element-populated\">\n\t\t\t\t\t\t<div class=\"elementor-element elementor-element-111cad2 elementor-widget elementor-widget-text-editor\" data-id=\"111cad2\" data-element_type=\"widget\" data-e-type=\"widget\" data-widget_type=\"text-editor.default\">\n\t\t\t\t\t\t\t\t\t<p><strong>Information cookies (cookies). How we use cookies.<\/strong><br \/>We use cookies to provide you with better services. Some cookies are absolutely necessary for the functionality of the websites, while others are used to improve performance and user experience.<\/p><p>Functional cookies are used to: - remember your login details - maintain security when you are logged in - ensure that the websites work well for you as a user.<\/p><p>Performance cookies are used to: - Help websites to load faster and improve the user experience.<\/p><p>Targeting cookies are used to: - allow you to share and like content - send information to other websites to personalize their advertising<\/p><p><strong>Examples of use<\/strong><br \/>Cookies are used to make the services to you even better, for example by: - enabling a service that recognizes your device so you don't have to enter the same information multiple times - remembering that you've already entered your username and password when you're logged in to pages, so you don't have to do it again for each page - measuring how many people use the services so we can make them easier and faster - analyzing data to help us understand how you use online services so we can improve them<\/p><p>If you do not allow us to use cookies, certain functions and the websites will not work properly. If you want to delete cookies that are already stored on your computer, follow the instructions for your browser by clicking on Help in the menu.<\/p><p>You can read more about cookies and how to use them at\u00a0<a href=\"http:\/\/www.aboutcookies.org\/\">www.aboutcookies.org<\/a>\u00a0or by clicking on Help in your browser.<\/p><p><strong>Third party tools - Third party content<br \/><\/strong>We sometimes publish videos, images or other content from other third-party websites. Such content may treat the visitor as if they were on the included content's own website and it may therefore occur that information is stored or statistics are collected by these third parties.<\/p><p><strong>Courses and registration<\/strong><\/p><p>From time to time, you can sign up for courses on our website. When you sign up for a course, the information necessary for the course organizer is collected. This may include your name, address, telephone number, time and e-mail.<\/p><p>The information is used to confirm that the person is coming to the course and where payment\/invoice should be sent to. Information about course participants is deleted when the information is no longer relevant. This could be, for example, when a course certificate expires.<\/p><p><strong>What rights do you have?<\/strong><\/p><ul><li>You can request that we delete your personal information from our register. We cannot delete data that the law requires us to retain.<\/li><li>You can request a correction of your information if you consider it incorrect.<\/li><li>You can request a copy of the personal information we hold about you.<\/li><\/ul>\t\t\t\t\t\t\t\t<\/div>\n\t\t\t\t\t<\/div>\n\t\t<\/div>\n\t\t\t\t\t<\/div>\n\t\t<\/section>\n\t\t\t\t<\/div>","protected":false},"excerpt":{"rendered":"<p>Titran Rorbuer og HavfiskesenterStabbveien 93, 7268 Titran Org nr: 917 67 362 Tlf.: 407 00 760Tlf.: 917 67 362E-post: post@titran.no\u00a0 Personopplysninger som behandles.\u00a0Fornavn og etternavnAdresseTelefonEpostFirmanavn og org.nrKontaktperson Hva brukes personopplysningene til?Virksomheten bruker personopplysningene for \u00e5 h\u00e5ndtere ditt kundeforhold til oss. Vi kan bruke dine opplysninger til f\u00f8lgende form\u00e5l: For \u00e5 behandle henvendelser Foreta befaringer om [&hellip;]<\/p>\n","protected":false},"author":1,"featured_media":0,"parent":0,"menu_order":0,"comment_status":"closed","ping_status":"closed","template":"","meta":{"footnotes":""},"class_list":["post-1198","page","type-page","status-publish","hentry"],"_links":{"self":[{"href":"https:\/\/titran.no\/en\/wp-json\/wp\/v2\/pages\/1198","targetHints":{"allow":["GET"]}}],"collection":[{"href":"https:\/\/titran.no\/en\/wp-json\/wp\/v2\/pages"}],"about":[{"href":"https:\/\/titran.no\/en\/wp-json\/wp\/v2\/types\/page"}],"author":[{"embeddable":true,"href":"https:\/\/titran.no\/en\/wp-json\/wp\/v2\/users\/1"}],"replies":[{"embeddable":true,"href":"https:\/\/titran.no\/en\/wp-json\/wp\/v2\/comments?post=1198"}],"version-history":[{"count":4,"href":"https:\/\/titran.no\/en\/wp-json\/wp\/v2\/pages\/1198\/revisions"}],"predecessor-version":[{"id":1203,"href":"https:\/\/titran.no\/en\/wp-json\/wp\/v2\/pages\/1198\/revisions\/1203"}],"wp:attachment":[{"href":"https:\/\/titran.no\/en\/wp-json\/wp\/v2\/media?parent=1198"}],"curies":[{"name":"wp","href":"https:\/\/api.w.org\/{rel}","templated":true}]}}