{"id":88,"date":"2025-09-28T14:42:28","date_gmt":"2025-09-28T14:42:28","guid":{"rendered":"https:\/\/titran.no\/?page_id=88"},"modified":"2025-10-22T16:50:38","modified_gmt":"2025-10-22T16:50:38","slug":"beliggenhet","status":"publish","type":"page","link":"https:\/\/titran.no\/en\/beliggenhet\/","title":{"rendered":"Location"},"content":{"rendered":"<div data-elementor-type=\"wp-page\" data-elementor-id=\"88\" class=\"elementor elementor-88\" data-elementor-post-type=\"page\">\n\t\t\t\t<div class=\"elementor-element elementor-element-5c63352 e-flex e-con-boxed e-con e-parent\" data-id=\"5c63352\" data-element_type=\"container\" data-e-type=\"container\">\n\t\t\t\t\t<div class=\"e-con-inner\">\n\t\t<div class=\"elementor-element elementor-element-419a331 e-con-full e-flex e-con e-child\" data-id=\"419a331\" data-element_type=\"container\" data-e-type=\"container\">\n\t\t\t\t<div class=\"elementor-element elementor-element-b1d2695 elementor-widget elementor-widget-heading\" data-id=\"b1d2695\" data-element_type=\"widget\" data-e-type=\"widget\" data-widget_type=\"heading.default\">\n\t\t\t\t\t<h2 class=\"elementor-heading-title elementor-size-default\">Central location at the sea gap<\/h2>\t\t\t\t<\/div>\n\t\t\t\t<div class=\"elementor-element elementor-element-5933e15 elementor-widget elementor-widget-text-editor\" data-id=\"5933e15\" data-element_type=\"widget\" data-e-type=\"widget\" data-widget_type=\"text-editor.default\">\n\t\t\t\t\t\t\t\t\t<p class=\"smallspottext\">You will find us at Stabben on Titran. We have a road to the door. The red dot marks our exact location.<\/p><p class=\"smallspottext\">Very good conditions for sport diving. On a rainy day, there are many good fishing spots even from land.<\/p>\t\t\t\t\t\t\t\t<\/div>\n\t\t\t\t<div class=\"elementor-element elementor-element-061bb9d elementor-mobile-align-center elementor-widget elementor-widget-button\" data-id=\"061bb9d\" data-element_type=\"widget\" data-e-type=\"widget\" data-widget_type=\"button.default\">\n\t\t\t\t\t\t\t\t\t\t<a class=\"elementor-button elementor-button-link elementor-size-sm\" href=\"#kontakt\">\n\t\t\t\t\t\t<span class=\"elementor-button-content-wrapper\">\n\t\t\t\t\t\t\t\t\t<span class=\"elementor-button-text\">Contact us<\/span>\n\t\t\t\t\t<\/span>\n\t\t\t\t\t<\/a>\n\t\t\t\t\t\t\t\t<\/div>\n\t\t\t\t<\/div>\n\t\t<div class=\"elementor-element elementor-element-4c5d402 e-con-full e-flex e-con e-child\" data-id=\"4c5d402\" data-element_type=\"container\" data-e-type=\"container\" data-settings=\"{&quot;background_background&quot;:&quot;classic&quot;}\">\n\t\t\t\t<\/div>\n\t\t\t\t\t<\/div>\n\t\t\t\t<\/div>\n\t\t<div class=\"elementor-element elementor-element-ab60a1d e-con-full e-flex e-con e-parent\" data-id=\"ab60a1d\" data-element_type=\"container\" data-e-type=\"container\">\n\t\t\t\t<div class=\"elementor-element elementor-element-50dcfb8 elementor-widget elementor-widget-google_maps\" data-id=\"50dcfb8\" data-element_type=\"widget\" data-e-type=\"widget\" data-widget_type=\"google_maps.default\">\n\t\t\t\t\t\t\t<div class=\"elementor-custom-embed\">\n\t\t\t<iframe loading=\"lazy\"\n\t\t\t\t\tsrc=\"https:\/\/maps.google.com\/maps?q=Stabbveien%2093&#038;t=m&#038;z=8&#038;output=embed&#038;iwloc=near\"\n\t\t\t\t\ttitle=\"Stabbveien 93\"\n\t\t\t\t\taria-label=\"Stabbveien 93\"\n\t\t\t><\/iframe>\n\t\t<\/div>\n\t\t\t\t\t\t<\/div>\n\t\t\t\t<\/div>\n\t\t\t\t<\/div>","protected":false},"excerpt":{"rendered":"<p>Sentral beliggenhet ved havgapet Du finner oss p\u00e5 Stabben p\u00e5 Titran. Vi har bilvei til d\u00f8ra. Den r\u00f8de prikken markerer v\u00e5r eksakte beliggenhet. Meget gode forhold for sportsdykking. P\u00e5 en ruskete dag, er det mange gode fiskeplasser ogs\u00e5 fra land. Kontakt Oss<\/p>","protected":false},"author":1,"featured_media":0,"parent":0,"menu_order":0,"comment_status":"closed","ping_status":"closed","template":"","meta":{"footnotes":""},"class_list":["post-88","page","type-page","status-publish","hentry"],"_links":{"self":[{"href":"https:\/\/titran.no\/en\/wp-json\/wp\/v2\/pages\/88","targetHints":{"allow":["GET"]}}],"collection":[{"href":"https:\/\/titran.no\/en\/wp-json\/wp\/v2\/pages"}],"about":[{"href":"https:\/\/titran.no\/en\/wp-json\/wp\/v2\/types\/page"}],"author":[{"embeddable":true,"href":"https:\/\/titran.no\/en\/wp-json\/wp\/v2\/users\/1"}],"replies":[{"embeddable":true,"href":"https:\/\/titran.no\/en\/wp-json\/wp\/v2\/comments?post=88"}],"version-history":[{"count":5,"href":"https:\/\/titran.no\/en\/wp-json\/wp\/v2\/pages\/88\/revisions"}],"predecessor-version":[{"id":1154,"href":"https:\/\/titran.no\/en\/wp-json\/wp\/v2\/pages\/88\/revisions\/1154"}],"wp:attachment":[{"href":"https:\/\/titran.no\/en\/wp-json\/wp\/v2\/media?parent=88"}],"curies":[{"name":"wp","href":"https:\/\/api.w.org\/{rel}","templated":true}]}}